{"id":247,"date":"2023-04-27T09:18:31","date_gmt":"2023-04-27T09:18:31","guid":{"rendered":"https:\/\/myth-age.com\/home\/"},"modified":"2025-09-22T14:18:53","modified_gmt":"2025-09-22T14:18:53","slug":"home","status":"publish","type":"page","link":"https:\/\/myth-age.com\/fr\/","title":{"rendered":"Accueil"},"content":{"rendered":"\r\n<p>Ceci est un exemple de page. C\u2019est diff\u00e9rent d\u2019un article de blog, car il restera au m\u00eame endroit et appara\u00eetra dans la navigation de votre site (dans la plupart des th\u00e8mes). La plupart des personnes commencent par une page \u00ab\u00a0\u00c0 propos\u00a0\u00bb qui les pr\u00e9sente aux visiteurs potentiels du site. Vous pourriez dire quelque chose comme ceci :<\/p>\r\n\r\n\r\n\r\n<blockquote class=\"wp-block-quote\">\r\n<p>Bonjour, je suis serveur le jour, aspirant acteur la nuit et ceci est mon site Web. J\u2019habite \u00e0 Mairena del Alcor, j\u2019ai un chien qui s\u2019appelle Firulais et j\u2019aime la boisson \u00ab\u00a0rebujito\u00a0\u00bb (et les longues apr\u00e8s-midis avec un caf\u00e9).<\/p>\r\n<\/blockquote>\r\n\r\n\r\n\r\n<p>&#8230;ou quelque chose comme ceci\u00a0:<\/p>\r\n\r\n\r\n\r\n<blockquote class=\"wp-block-quote\">\r\n<p>La soci\u00e9t\u00e9 Mariscos Recio a \u00e9t\u00e9 fond\u00e9e par Antonio Recio Mata. Elle a commenc\u00e9 comme une petite entreprise qui fournissait des fruits de mer aux h\u00f4tels et aux restaurants, mais petit \u00e0 petit, elle est devenue un grand empire. Mariscos Recio, la mer au meilleur prix.<\/p>\r\n<\/blockquote>\r\n\r\n\r\n\r\n<p>En tant que nouvel utilisateur de WordPress, vous devriez aller \u00e0 la page <a href=\"http:\/\/myth-age.com\/wp-admin\/\">votre r\u00e9pertoire<\/a> pour supprimer cette page et en cr\u00e9er de nouvelles pour votre contenu. Passez un bon moment\u00a0!<\/p>\r\n","protected":false},"excerpt":{"rendered":"Ceci est un exemple de page. C\u2019est diff\u00e9rent d\u2019un article de blog, car il restera au m\u00eame endroit et appara\u00eetra dans la navigation de votre site (dans la plupart des th\u00e8mes). La plupart des personnes commencent par une page \u00ab\u00a0\u00c0 propos\u00a0\u00bb qui les pr\u00e9sente aux visiteurs potentiels du site. Vous pourriez dire quelque chose comme [&hellip;]","protected":false},"author":1,"featured_media":185,"parent":0,"menu_order":0,"comment_status":"closed","ping_status":"closed","template":"front-page.php","meta":{"_acf_changed":false,"footnotes":""},"class_list":["post-247","page","type-page","status-publish","has-post-thumbnail","hentry"],"acf":[],"yoast_head":"<!-- This site is optimized with the Yoast SEO plugin v27.1.1 - https:\/\/yoast.com\/product\/yoast-seo-wordpress\/ -->\n<title>Accueil - Myth.age<\/title>\n<meta name=\"robots\" content=\"index, follow, max-snippet:-1, max-image-preview:large, max-video-preview:-1\" \/>\n<link rel=\"canonical\" href=\"https:\/\/myth-age.com\/fr\/\" \/>\n<meta property=\"og:locale\" content=\"fr_FR\" \/>\n<meta property=\"og:type\" content=\"article\" \/>\n<meta property=\"og:title\" content=\"Accueil - Myth.age\" \/>\n<meta property=\"og:description\" content=\"Ceci est un exemple de page. C\u2019est diff\u00e9rent d\u2019un article de blog, car il restera au m\u00eame endroit et appara\u00eetra dans la navigation de votre site (dans la plupart des th\u00e8mes). La plupart des personnes commencent par une page \u00ab\u00a0\u00c0 propos\u00a0\u00bb qui les pr\u00e9sente aux visiteurs potentiels du site. Vous pourriez dire quelque chose comme [&hellip;]\" \/>\n<meta property=\"og:url\" content=\"https:\/\/myth-age.com\/fr\/\" \/>\n<meta property=\"og:site_name\" content=\"Myth.age\" \/>\n<meta property=\"article:modified_time\" content=\"2025-09-22T14:18:53+00:00\" \/>\n<meta property=\"og:image\" content=\"https:\/\/myth-age.com\/wp-content\/uploads\/2023\/04\/katsia-jazwinska-RIb19_YSUX0-unsplash-scaled.jpg\" \/>\n\t<meta property=\"og:image:width\" content=\"2560\" \/>\n\t<meta property=\"og:image:height\" content=\"1707\" \/>\n\t<meta property=\"og:image:type\" content=\"image\/jpeg\" \/>\n<meta name=\"twitter:card\" content=\"summary_large_image\" \/>\n<meta name=\"twitter:label1\" content=\"Dur\u00e9e de lecture estim\u00e9e\" \/>\n\t<meta name=\"twitter:data1\" content=\"1 minute\" \/>\n<script type=\"application\/ld+json\" class=\"yoast-schema-graph\">{\"@context\":\"https:\/\/schema.org\",\"@graph\":[{\"@type\":\"WebPage\",\"@id\":\"https:\/\/myth-age.com\/fr\/\",\"url\":\"https:\/\/myth-age.com\/fr\/\",\"name\":\"Accueil - Myth.age\",\"isPartOf\":{\"@id\":\"https:\/\/myth-age.com\/#website\"},\"primaryImageOfPage\":{\"@id\":\"https:\/\/myth-age.com\/fr\/#primaryimage\"},\"image\":{\"@id\":\"https:\/\/myth-age.com\/fr\/#primaryimage\"},\"thumbnailUrl\":\"https:\/\/myth-age.com\/wp-content\/uploads\/2023\/04\/katsia-jazwinska-RIb19_YSUX0-unsplash-scaled.jpg\",\"datePublished\":\"2023-04-27T09:18:31+00:00\",\"dateModified\":\"2025-09-22T14:18:53+00:00\",\"breadcrumb\":{\"@id\":\"https:\/\/myth-age.com\/fr\/#breadcrumb\"},\"inLanguage\":\"fr-FR\",\"potentialAction\":[{\"@type\":\"ReadAction\",\"target\":[\"https:\/\/myth-age.com\/fr\/\"]}]},{\"@type\":\"ImageObject\",\"inLanguage\":\"fr-FR\",\"@id\":\"https:\/\/myth-age.com\/fr\/#primaryimage\",\"url\":\"https:\/\/myth-age.com\/wp-content\/uploads\/2023\/04\/katsia-jazwinska-RIb19_YSUX0-unsplash-scaled.jpg\",\"contentUrl\":\"https:\/\/myth-age.com\/wp-content\/uploads\/2023\/04\/katsia-jazwinska-RIb19_YSUX0-unsplash-scaled.jpg\",\"width\":2560,\"height\":1707},{\"@type\":\"BreadcrumbList\",\"@id\":\"https:\/\/myth-age.com\/fr\/#breadcrumb\",\"itemListElement\":[{\"@type\":\"ListItem\",\"position\":1,\"name\":\"Portada\",\"item\":\"https:\/\/myth-age.com\/fr\/\"},{\"@type\":\"ListItem\",\"position\":2,\"name\":\"Accueil\"}]},{\"@type\":\"WebSite\",\"@id\":\"https:\/\/myth-age.com\/#website\",\"url\":\"https:\/\/myth-age.com\/\",\"name\":\"Myth.age\",\"description\":\"Del exterior hacia el interior.\",\"publisher\":{\"@id\":\"https:\/\/myth-age.com\/#organization\"},\"potentialAction\":[{\"@type\":\"SearchAction\",\"target\":{\"@type\":\"EntryPoint\",\"urlTemplate\":\"https:\/\/myth-age.com\/?s={search_term_string}\"},\"query-input\":{\"@type\":\"PropertyValueSpecification\",\"valueRequired\":true,\"valueName\":\"search_term_string\"}}],\"inLanguage\":\"fr-FR\"},{\"@type\":\"Organization\",\"@id\":\"https:\/\/myth-age.com\/#organization\",\"name\":\"Myth.age\",\"url\":\"https:\/\/myth-age.com\/\",\"logo\":{\"@type\":\"ImageObject\",\"inLanguage\":\"fr-FR\",\"@id\":\"https:\/\/myth-age.com\/#\/schema\/logo\/image\/\",\"url\":\"https:\/\/myth-age.com\/wp-content\/uploads\/2023\/05\/MYTHAGE-Negro-1.svg\",\"contentUrl\":\"https:\/\/myth-age.com\/wp-content\/uploads\/2023\/05\/MYTHAGE-Negro-1.svg\",\"width\":1,\"height\":1,\"caption\":\"Myth.age\"},\"image\":{\"@id\":\"https:\/\/myth-age.com\/#\/schema\/logo\/image\/\"}}]}<\/script>\n<!-- \/ Yoast SEO plugin. -->","yoast_head_json":{"title":"Accueil - Myth.age","robots":{"index":"index","follow":"follow","max-snippet":"max-snippet:-1","max-image-preview":"max-image-preview:large","max-video-preview":"max-video-preview:-1"},"canonical":"https:\/\/myth-age.com\/fr\/","og_locale":"fr_FR","og_type":"article","og_title":"Accueil - Myth.age","og_description":"Ceci est un exemple de page. C\u2019est diff\u00e9rent d\u2019un article de blog, car il restera au m\u00eame endroit et appara\u00eetra dans la navigation de votre site (dans la plupart des th\u00e8mes). La plupart des personnes commencent par une page \u00ab\u00a0\u00c0 propos\u00a0\u00bb qui les pr\u00e9sente aux visiteurs potentiels du site. Vous pourriez dire quelque chose comme [&hellip;]","og_url":"https:\/\/myth-age.com\/fr\/","og_site_name":"Myth.age","article_modified_time":"2025-09-22T14:18:53+00:00","og_image":[{"width":2560,"height":1707,"url":"https:\/\/myth-age.com\/wp-content\/uploads\/2023\/04\/katsia-jazwinska-RIb19_YSUX0-unsplash-scaled.jpg","type":"image\/jpeg"}],"twitter_card":"summary_large_image","twitter_misc":{"Dur\u00e9e de lecture estim\u00e9e":"1 minute"},"schema":{"@context":"https:\/\/schema.org","@graph":[{"@type":"WebPage","@id":"https:\/\/myth-age.com\/fr\/","url":"https:\/\/myth-age.com\/fr\/","name":"Accueil - Myth.age","isPartOf":{"@id":"https:\/\/myth-age.com\/#website"},"primaryImageOfPage":{"@id":"https:\/\/myth-age.com\/fr\/#primaryimage"},"image":{"@id":"https:\/\/myth-age.com\/fr\/#primaryimage"},"thumbnailUrl":"https:\/\/myth-age.com\/wp-content\/uploads\/2023\/04\/katsia-jazwinska-RIb19_YSUX0-unsplash-scaled.jpg","datePublished":"2023-04-27T09:18:31+00:00","dateModified":"2025-09-22T14:18:53+00:00","breadcrumb":{"@id":"https:\/\/myth-age.com\/fr\/#breadcrumb"},"inLanguage":"fr-FR","potentialAction":[{"@type":"ReadAction","target":["https:\/\/myth-age.com\/fr\/"]}]},{"@type":"ImageObject","inLanguage":"fr-FR","@id":"https:\/\/myth-age.com\/fr\/#primaryimage","url":"https:\/\/myth-age.com\/wp-content\/uploads\/2023\/04\/katsia-jazwinska-RIb19_YSUX0-unsplash-scaled.jpg","contentUrl":"https:\/\/myth-age.com\/wp-content\/uploads\/2023\/04\/katsia-jazwinska-RIb19_YSUX0-unsplash-scaled.jpg","width":2560,"height":1707},{"@type":"BreadcrumbList","@id":"https:\/\/myth-age.com\/fr\/#breadcrumb","itemListElement":[{"@type":"ListItem","position":1,"name":"Portada","item":"https:\/\/myth-age.com\/fr\/"},{"@type":"ListItem","position":2,"name":"Accueil"}]},{"@type":"WebSite","@id":"https:\/\/myth-age.com\/#website","url":"https:\/\/myth-age.com\/","name":"Myth.age","description":"Del exterior hacia el interior.","publisher":{"@id":"https:\/\/myth-age.com\/#organization"},"potentialAction":[{"@type":"SearchAction","target":{"@type":"EntryPoint","urlTemplate":"https:\/\/myth-age.com\/?s={search_term_string}"},"query-input":{"@type":"PropertyValueSpecification","valueRequired":true,"valueName":"search_term_string"}}],"inLanguage":"fr-FR"},{"@type":"Organization","@id":"https:\/\/myth-age.com\/#organization","name":"Myth.age","url":"https:\/\/myth-age.com\/","logo":{"@type":"ImageObject","inLanguage":"fr-FR","@id":"https:\/\/myth-age.com\/#\/schema\/logo\/image\/","url":"https:\/\/myth-age.com\/wp-content\/uploads\/2023\/05\/MYTHAGE-Negro-1.svg","contentUrl":"https:\/\/myth-age.com\/wp-content\/uploads\/2023\/05\/MYTHAGE-Negro-1.svg","width":1,"height":1,"caption":"Myth.age"},"image":{"@id":"https:\/\/myth-age.com\/#\/schema\/logo\/image\/"}}]}},"_links":{"self":[{"href":"https:\/\/myth-age.com\/fr\/wp-json\/wp\/v2\/pages\/247","targetHints":{"allow":["GET"]}}],"collection":[{"href":"https:\/\/myth-age.com\/fr\/wp-json\/wp\/v2\/pages"}],"about":[{"href":"https:\/\/myth-age.com\/fr\/wp-json\/wp\/v2\/types\/page"}],"author":[{"embeddable":true,"href":"https:\/\/myth-age.com\/fr\/wp-json\/wp\/v2\/users\/1"}],"replies":[{"embeddable":true,"href":"https:\/\/myth-age.com\/fr\/wp-json\/wp\/v2\/comments?post=247"}],"version-history":[{"count":21,"href":"https:\/\/myth-age.com\/fr\/wp-json\/wp\/v2\/pages\/247\/revisions"}],"predecessor-version":[{"id":66692,"href":"https:\/\/myth-age.com\/fr\/wp-json\/wp\/v2\/pages\/247\/revisions\/66692"}],"wp:featuredmedia":[{"embeddable":true,"href":"https:\/\/myth-age.com\/fr\/wp-json\/wp\/v2\/media\/185"}],"wp:attachment":[{"href":"https:\/\/myth-age.com\/fr\/wp-json\/wp\/v2\/media?parent=247"}],"curies":[{"name":"wp","href":"https:\/\/api.w.org\/{rel}","templated":true}]}}