{"id":4677,"date":"2023-04-27T11:47:30","date_gmt":"2023-04-27T11:47:30","guid":{"rendered":"https:\/\/myth-age.com\/mentions-legales\/"},"modified":"2023-08-16T14:51:04","modified_gmt":"2023-08-16T14:51:04","slug":"mentions-legales","status":"publish","type":"page","link":"https:\/\/myth-age.com\/fr\/mentions-legales\/","title":{"rendered":"Mentions l\u00e9gales"},"content":{"rendered":"\n<h3 class=\"wp-block-heading\"><strong>Mentions l\u00e9gales &#8211; Conditions g\u00e9n\u00e9rales d&rsquo;utilisation &#8211; Politique de confidentialit\u00e9<\/strong>.<\/h3>\n\n<p>Toute communication avec <strong>MYTHAGE<\/strong> \u00e0 travers son adresse de courrier \u00e9lectronique, soit par le biais des formulaires pr\u00e9sents sur ce site web ou du lien vers son e-mail publi\u00e9 sur celui-ci, suppose que vous consentez express\u00e9ment \u00e0 ce que vos donn\u00e9es personnelles soient conserv\u00e9es dans des fichiers appartenant \u00e0 <strong>TAU CER\u00c1MICA<\/strong>, sise \u00e0\u00a0:<\/p>\n\n<h4 class=\"wp-block-heading\"><strong>Myth-Age \/Bureaux<\/strong><\/h4>\n\n<p><strong>Carrer del Toll 18, 12200 Onda, Castell\u00f3n, Espagne<\/strong><\/p>\n\n<p>Ces donn\u00e9es seront trait\u00e9es par l\u2019entreprise susmentionn\u00e9e et plac\u00e9es sous sa responsabilit\u00e9 dans le but de r\u00e9pondre aux demandes. L\u2019int\u00e9ress\u00e9 b\u00e9n\u00e9ficie du droit d\u2019acc\u00e8s, de rectification, d\u2019opposition et d\u2019annulation des donn\u00e9es personnelles figurant dans les fichiers mentionn\u00e9s. Il a la possibilit\u00e9 de retirer son consentement par \u00e9crit \u00e0 tout moment (Loi organique 15\/1999, du 13 d\u00e9cembre, relative \u00e0 la protection des donn\u00e9es \u00e0 caract\u00e8re personnel).<\/p>\n","protected":false},"excerpt":{"rendered":"Mentions l\u00e9gales &#8211; Conditions g\u00e9n\u00e9rales d&rsquo;utilisation &#8211; Politique de confidentialit\u00e9. Toute communication avec MYTHAGE \u00e0 travers son adresse de courrier \u00e9lectronique, soit par le biais des formulaires pr\u00e9sents sur ce site web ou du lien vers son e-mail publi\u00e9 sur celui-ci, suppose que vous consentez express\u00e9ment \u00e0 ce que vos donn\u00e9es personnelles soient conserv\u00e9es dans [&hellip;]","protected":false},"author":1,"featured_media":227,"parent":0,"menu_order":0,"comment_status":"closed","ping_status":"closed","template":"page.php","meta":{"_acf_changed":false,"footnotes":""},"class_list":["post-4677","page","type-page","status-publish","has-post-thumbnail","hentry"],"acf":[],"yoast_head":"<!-- This site is optimized with the Yoast SEO plugin v27.1.1 - https:\/\/yoast.com\/product\/yoast-seo-wordpress\/ -->\n<title>Mentions l\u00e9gales - Myth.age<\/title>\n<meta name=\"robots\" content=\"index, follow, max-snippet:-1, max-image-preview:large, max-video-preview:-1\" \/>\n<link rel=\"canonical\" href=\"https:\/\/myth-age.com\/fr\/mentions-legales\/\" \/>\n<meta property=\"og:locale\" content=\"fr_FR\" \/>\n<meta property=\"og:type\" content=\"article\" \/>\n<meta property=\"og:title\" content=\"Mentions l\u00e9gales - Myth.age\" \/>\n<meta property=\"og:description\" content=\"Mentions l\u00e9gales &#8211; Conditions g\u00e9n\u00e9rales d&rsquo;utilisation &#8211; Politique de confidentialit\u00e9. Toute communication avec MYTHAGE \u00e0 travers son adresse de courrier \u00e9lectronique, soit par le biais des formulaires pr\u00e9sents sur ce site web ou du lien vers son e-mail publi\u00e9 sur celui-ci, suppose que vous consentez express\u00e9ment \u00e0 ce que vos donn\u00e9es personnelles soient conserv\u00e9es dans [&hellip;]\" \/>\n<meta property=\"og:url\" content=\"https:\/\/myth-age.com\/fr\/mentions-legales\/\" \/>\n<meta property=\"og:site_name\" content=\"Myth.age\" \/>\n<meta property=\"article:modified_time\" content=\"2023-08-16T14:51:04+00:00\" \/>\n<meta property=\"og:image\" content=\"https:\/\/myth-age.com\/wp-content\/uploads\/2023\/05\/leave.png\" \/>\n\t<meta property=\"og:image:width\" content=\"282\" \/>\n\t<meta property=\"og:image:height\" content=\"282\" \/>\n\t<meta property=\"og:image:type\" content=\"image\/png\" \/>\n<meta name=\"twitter:card\" content=\"summary_large_image\" \/>\n<meta name=\"twitter:label1\" content=\"Dur\u00e9e de lecture estim\u00e9e\" \/>\n\t<meta name=\"twitter:data1\" content=\"1 minute\" \/>\n<script type=\"application\/ld+json\" class=\"yoast-schema-graph\">{\"@context\":\"https:\/\/schema.org\",\"@graph\":[{\"@type\":\"WebPage\",\"@id\":\"https:\/\/myth-age.com\/fr\/mentions-legales\/\",\"url\":\"https:\/\/myth-age.com\/fr\/mentions-legales\/\",\"name\":\"Mentions l\u00e9gales - Myth.age\",\"isPartOf\":{\"@id\":\"https:\/\/myth-age.com\/#website\"},\"primaryImageOfPage\":{\"@id\":\"https:\/\/myth-age.com\/fr\/mentions-legales\/#primaryimage\"},\"image\":{\"@id\":\"https:\/\/myth-age.com\/fr\/mentions-legales\/#primaryimage\"},\"thumbnailUrl\":\"https:\/\/myth-age.com\/wp-content\/uploads\/2023\/05\/leave.png\",\"datePublished\":\"2023-04-27T11:47:30+00:00\",\"dateModified\":\"2023-08-16T14:51:04+00:00\",\"breadcrumb\":{\"@id\":\"https:\/\/myth-age.com\/fr\/mentions-legales\/#breadcrumb\"},\"inLanguage\":\"fr-FR\",\"potentialAction\":[{\"@type\":\"ReadAction\",\"target\":[\"https:\/\/myth-age.com\/fr\/mentions-legales\/\"]}]},{\"@type\":\"ImageObject\",\"inLanguage\":\"fr-FR\",\"@id\":\"https:\/\/myth-age.com\/fr\/mentions-legales\/#primaryimage\",\"url\":\"https:\/\/myth-age.com\/wp-content\/uploads\/2023\/05\/leave.png\",\"contentUrl\":\"https:\/\/myth-age.com\/wp-content\/uploads\/2023\/05\/leave.png\",\"width\":282,\"height\":282},{\"@type\":\"BreadcrumbList\",\"@id\":\"https:\/\/myth-age.com\/fr\/mentions-legales\/#breadcrumb\",\"itemListElement\":[{\"@type\":\"ListItem\",\"position\":1,\"name\":\"Portada\",\"item\":\"https:\/\/myth-age.com\/fr\/\"},{\"@type\":\"ListItem\",\"position\":2,\"name\":\"Mentions l\u00e9gales\"}]},{\"@type\":\"WebSite\",\"@id\":\"https:\/\/myth-age.com\/#website\",\"url\":\"https:\/\/myth-age.com\/\",\"name\":\"Myth.age\",\"description\":\"Del exterior hacia el interior.\",\"publisher\":{\"@id\":\"https:\/\/myth-age.com\/#organization\"},\"potentialAction\":[{\"@type\":\"SearchAction\",\"target\":{\"@type\":\"EntryPoint\",\"urlTemplate\":\"https:\/\/myth-age.com\/?s={search_term_string}\"},\"query-input\":{\"@type\":\"PropertyValueSpecification\",\"valueRequired\":true,\"valueName\":\"search_term_string\"}}],\"inLanguage\":\"fr-FR\"},{\"@type\":\"Organization\",\"@id\":\"https:\/\/myth-age.com\/#organization\",\"name\":\"Myth.age\",\"url\":\"https:\/\/myth-age.com\/\",\"logo\":{\"@type\":\"ImageObject\",\"inLanguage\":\"fr-FR\",\"@id\":\"https:\/\/myth-age.com\/#\/schema\/logo\/image\/\",\"url\":\"https:\/\/myth-age.com\/wp-content\/uploads\/2023\/05\/MYTHAGE-Negro-1.svg\",\"contentUrl\":\"https:\/\/myth-age.com\/wp-content\/uploads\/2023\/05\/MYTHAGE-Negro-1.svg\",\"width\":1,\"height\":1,\"caption\":\"Myth.age\"},\"image\":{\"@id\":\"https:\/\/myth-age.com\/#\/schema\/logo\/image\/\"}}]}<\/script>\n<!-- \/ Yoast SEO plugin. -->","yoast_head_json":{"title":"Mentions l\u00e9gales - Myth.age","robots":{"index":"index","follow":"follow","max-snippet":"max-snippet:-1","max-image-preview":"max-image-preview:large","max-video-preview":"max-video-preview:-1"},"canonical":"https:\/\/myth-age.com\/fr\/mentions-legales\/","og_locale":"fr_FR","og_type":"article","og_title":"Mentions l\u00e9gales - Myth.age","og_description":"Mentions l\u00e9gales &#8211; Conditions g\u00e9n\u00e9rales d&rsquo;utilisation &#8211; Politique de confidentialit\u00e9. Toute communication avec MYTHAGE \u00e0 travers son adresse de courrier \u00e9lectronique, soit par le biais des formulaires pr\u00e9sents sur ce site web ou du lien vers son e-mail publi\u00e9 sur celui-ci, suppose que vous consentez express\u00e9ment \u00e0 ce que vos donn\u00e9es personnelles soient conserv\u00e9es dans [&hellip;]","og_url":"https:\/\/myth-age.com\/fr\/mentions-legales\/","og_site_name":"Myth.age","article_modified_time":"2023-08-16T14:51:04+00:00","og_image":[{"width":282,"height":282,"url":"https:\/\/myth-age.com\/wp-content\/uploads\/2023\/05\/leave.png","type":"image\/png"}],"twitter_card":"summary_large_image","twitter_misc":{"Dur\u00e9e de lecture estim\u00e9e":"1 minute"},"schema":{"@context":"https:\/\/schema.org","@graph":[{"@type":"WebPage","@id":"https:\/\/myth-age.com\/fr\/mentions-legales\/","url":"https:\/\/myth-age.com\/fr\/mentions-legales\/","name":"Mentions l\u00e9gales - Myth.age","isPartOf":{"@id":"https:\/\/myth-age.com\/#website"},"primaryImageOfPage":{"@id":"https:\/\/myth-age.com\/fr\/mentions-legales\/#primaryimage"},"image":{"@id":"https:\/\/myth-age.com\/fr\/mentions-legales\/#primaryimage"},"thumbnailUrl":"https:\/\/myth-age.com\/wp-content\/uploads\/2023\/05\/leave.png","datePublished":"2023-04-27T11:47:30+00:00","dateModified":"2023-08-16T14:51:04+00:00","breadcrumb":{"@id":"https:\/\/myth-age.com\/fr\/mentions-legales\/#breadcrumb"},"inLanguage":"fr-FR","potentialAction":[{"@type":"ReadAction","target":["https:\/\/myth-age.com\/fr\/mentions-legales\/"]}]},{"@type":"ImageObject","inLanguage":"fr-FR","@id":"https:\/\/myth-age.com\/fr\/mentions-legales\/#primaryimage","url":"https:\/\/myth-age.com\/wp-content\/uploads\/2023\/05\/leave.png","contentUrl":"https:\/\/myth-age.com\/wp-content\/uploads\/2023\/05\/leave.png","width":282,"height":282},{"@type":"BreadcrumbList","@id":"https:\/\/myth-age.com\/fr\/mentions-legales\/#breadcrumb","itemListElement":[{"@type":"ListItem","position":1,"name":"Portada","item":"https:\/\/myth-age.com\/fr\/"},{"@type":"ListItem","position":2,"name":"Mentions l\u00e9gales"}]},{"@type":"WebSite","@id":"https:\/\/myth-age.com\/#website","url":"https:\/\/myth-age.com\/","name":"Myth.age","description":"Del exterior hacia el interior.","publisher":{"@id":"https:\/\/myth-age.com\/#organization"},"potentialAction":[{"@type":"SearchAction","target":{"@type":"EntryPoint","urlTemplate":"https:\/\/myth-age.com\/?s={search_term_string}"},"query-input":{"@type":"PropertyValueSpecification","valueRequired":true,"valueName":"search_term_string"}}],"inLanguage":"fr-FR"},{"@type":"Organization","@id":"https:\/\/myth-age.com\/#organization","name":"Myth.age","url":"https:\/\/myth-age.com\/","logo":{"@type":"ImageObject","inLanguage":"fr-FR","@id":"https:\/\/myth-age.com\/#\/schema\/logo\/image\/","url":"https:\/\/myth-age.com\/wp-content\/uploads\/2023\/05\/MYTHAGE-Negro-1.svg","contentUrl":"https:\/\/myth-age.com\/wp-content\/uploads\/2023\/05\/MYTHAGE-Negro-1.svg","width":1,"height":1,"caption":"Myth.age"},"image":{"@id":"https:\/\/myth-age.com\/#\/schema\/logo\/image\/"}}]}},"_links":{"self":[{"href":"https:\/\/myth-age.com\/fr\/wp-json\/wp\/v2\/pages\/4677","targetHints":{"allow":["GET"]}}],"collection":[{"href":"https:\/\/myth-age.com\/fr\/wp-json\/wp\/v2\/pages"}],"about":[{"href":"https:\/\/myth-age.com\/fr\/wp-json\/wp\/v2\/types\/page"}],"author":[{"embeddable":true,"href":"https:\/\/myth-age.com\/fr\/wp-json\/wp\/v2\/users\/1"}],"replies":[{"embeddable":true,"href":"https:\/\/myth-age.com\/fr\/wp-json\/wp\/v2\/comments?post=4677"}],"version-history":[{"count":1,"href":"https:\/\/myth-age.com\/fr\/wp-json\/wp\/v2\/pages\/4677\/revisions"}],"predecessor-version":[{"id":4678,"href":"https:\/\/myth-age.com\/fr\/wp-json\/wp\/v2\/pages\/4677\/revisions\/4678"}],"wp:featuredmedia":[{"embeddable":true,"href":"https:\/\/myth-age.com\/fr\/wp-json\/wp\/v2\/media\/227"}],"wp:attachment":[{"href":"https:\/\/myth-age.com\/fr\/wp-json\/wp\/v2\/media?parent=4677"}],"curies":[{"name":"wp","href":"https:\/\/api.w.org\/{rel}","templated":true}]}}