{"id":4679,"date":"2023-05-23T06:44:53","date_gmt":"2023-05-23T06:44:53","guid":{"rendered":"https:\/\/myth-age.com\/politique-de-cookies\/"},"modified":"2023-08-16T14:51:26","modified_gmt":"2023-08-16T14:51:26","slug":"politique-de-cookies","status":"publish","type":"page","link":"https:\/\/myth-age.com\/fr\/politique-de-cookies\/","title":{"rendered":"Politique de cookies"},"content":{"rendered":"\n<h4 class=\"wp-block-heading\">IDENTIFICATION DU PROPRI\u00c9TAIRE DU SITE WEB<\/h4>\n\n<p>MYTH-AGE<br\/>Castell\u00f3n \u2013 Espagne<br\/>Site Web de l\u2019entreprise \u2013 <a href=\"http:\/\/www.myth-age.com\" target=\"_blank\" rel=\"noreferrer noopener\">www.myth-age.com  <\/a><\/p>\n\n<h5 class=\"wp-block-heading\">INFORMATIONS ET TERMINOLOGIE<\/h5>\n\n<p>Les cookies sont de petits fichiers stock\u00e9s par les pages Web, boutiques en ligne, intranets, plateformes en ligne ou similaires, dans le navigateur de l&rsquo;utilisateur qui les visite. Ils sont n\u00e9cessaires \u00e0 la navigation Web et lui apporte d&rsquo;innombrables avantages quant \u00e0 la fourniture de services interactifs.<\/p>\n\n<h5 class=\"wp-block-heading\">Les informations suivantes sur les types de cookies possibles permettent de mieux comprendre leurs fonctions :<\/h5>\n\n<p><strong>Cookies de session\u00a0:<\/strong> ce sont des cookies temporaires qui restent dans l&rsquo;archive de cookies de votre appareil jusqu&rsquo;\u00e0 ce que vous fermiez le navigateur, ce qui fait qu&rsquo;ils ne sont pas enregistr\u00e9s sur le disque dur de l&rsquo;utilisateur. Les informations obtenues au moyen de ces cookies permettent la gestion op\u00e9rationnelle de chacun des utilisateurs qui acc\u00e8dent au site de mani\u00e8re simultan\u00e9e.<\/p>\n\n<p><strong>Cookies persistants\u00a0:\u00a0<\/strong>ce sont des cookies qui restent stock\u00e9s dans le dossier des cookies de votre appareil une fois le navigateur ferm\u00e9, et que le site Web consultera d\u00e8s que vous y acc\u00e8derez \u00e0 nouveau pour r\u00e9cup\u00e9rer des informations qui faciliteront la navigation (acc\u00e9der directement au service sans avoir \u00e0 se r\u00e9enregistrer) ou pour fournir un service commercial (proposer des produits ou des services en rapport avec les visites pr\u00e9c\u00e9dentes).<\/p>\n\n<h5 class=\"wp-block-heading\">Les cookies \u00e9chang\u00e9s lors de la navigation sur une page Web peuvent \u00eatre des\u00a0:<\/h5>\n\n<p><strong>Cookies d&rsquo;origine ou propres\u00a0:<\/strong> ce sont des cookies g\u00e9n\u00e9r\u00e9s par le site Web visit\u00e9.<\/p>\n\n<p><strong>Cookies de tiers\u00a0:\u00a0<\/strong>ce sont des cookies re\u00e7us lors de la navigation sur la page Web, mais g\u00e9n\u00e9r\u00e9s par un service tiers h\u00e9berg\u00e9 sur celle-ci, comme le cookie utilis\u00e9 par une publicit\u00e9 ou une banni\u00e8re publicitaire sur le site Web que l&rsquo;on visite, ou encore le cookie utilis\u00e9 par un compteur de visites engag\u00e9 par le site Web visit\u00e9.<\/p>\n\n<h5 class=\"wp-block-heading\">Les cookies peuvent \u00eatre utilis\u00e9s \u00e0 des\u00a0:<\/h5>\n\n<p><strong>Fins techniques\u00a0:\u00a0<\/strong>ce sont ceux que l&rsquo;on consid\u00e8re \u00ab\u00a0strictement n\u00e9cessaires\u00a0\u00bb. Ils permettent \u00e0 l&rsquo;utilisateur de naviguer sur une page Web, une plateforme ou une application et d&rsquo;utiliser les diff\u00e9rentes options ou services propos\u00e9s, tels que le contr\u00f4le du trafic et la communication de donn\u00e9es, l&rsquo;identification de la session, l&rsquo;acc\u00e8s \u00e0 des parties \u00e0 l&rsquo;acc\u00e8s restreint, l&rsquo;enregistrement des \u00e9l\u00e9ments qui composent une commande, l&rsquo;achat d&rsquo;une commande, la demande d&rsquo;inscription ou de participation \u00e0 un \u00e9v\u00e9nement, l&rsquo;utilisation d&rsquo;\u00e9l\u00e9ments de s\u00e9curit\u00e9 pendant la navigation, le stockage de contenus pour diffuser des vid\u00e9os ou des audios ou pour partager du contenu sur les r\u00e9seaux sociaux.<\/p>\n\n<p><strong>Personnalisation\u00a0:<\/strong> ils permettent \u00e0 chaque utilisateur de configurer des aspects tels que la langue du site Web, les formats d\u2019affichage, etc.<\/p>\n\n<p><strong>Analyse ou rendement\u00a0:\u00a0<\/strong>ils permettent de mesurer le nombre de visites et des crit\u00e8res de navigation des diff\u00e9rentes zones du site Web, de l&rsquo;application ou de la plateforme, et de cr\u00e9er des profils de navigation des utilisateurs de ces sites, applications et plateformes dans le but d&rsquo;apporter des am\u00e9liorations bas\u00e9es sur l&rsquo;analyse des donn\u00e9es collect\u00e9es de l&rsquo;usage que font les utilisateurs du service. Publicit\u00e9\u00a0: ils permettent de mettre en place des param\u00e8tres d&rsquo;efficacit\u00e9 dans la publicit\u00e9 propos\u00e9e sur les pages Web. Publicit\u00e9 comportementale\u00a0: ils permettent de mettre en place des param\u00e8tres d&rsquo;efficacit\u00e9 dans la publicit\u00e9 propos\u00e9e sur les pages Web, sur la base d&rsquo;informations sur le comportement des visiteurs obtenues par l\u2019observation continue de leurs habitudes de navigation, ce qui permet de d\u00e9velopper un profil sp\u00e9cifique pour montrer des annonces publicitaires cibl\u00e9es.<\/p>\n\n<h5 class=\"wp-block-heading\">COMMENT G\u00c9RER LES COOKIES DANS LE NAVIGATEUR<\/h5>\n\n<p>Certaines personnes pr\u00e9f\u00e8rent ne pas habiliter les cookies, c&rsquo;est pourquoi la plupart des navigateurs vous offrent la possibilit\u00e9 de g\u00e9rer les cookies qui vous conviennent.<\/p>\n\n<p>Certains navigateurs vous donnent la possibilit\u00e9 de configurer des r\u00e8gles pour g\u00e9rer les cookies par site, ce qui vous offre un contr\u00f4le plus pr\u00e9cis de votre confidentialit\u00e9. Cela signifie que vous pouvez d\u00e9sactiver des cookies de tous les sites, sauf ceux que vous consid\u00e9rez fiables, ou m\u00eame \u00e9liminer les cookies d\u00e9j\u00e0 stock\u00e9s.<\/p>\n\n<p>Voici comment effectuer ces r\u00e9glages dans les diff\u00e9rents navigateurs :<br\/>Pour de plus amples informations sur le navigateur Google Chrome\u00a0<a href=\"https:\/\/support.google.com\/chrome\/answer\/95647?hl=es\" target=\"_blank\" rel=\"noreferrer noopener&#xA0;&#xBB;&gt;cliquez ici&lt;\/a&gt;&lt;br\/&gt;Pour de plus amples informations sur le navigateur Firefox&#xA0;&lt;a href= noopener\" http:=\"\"><\/a><\/p>\n\n<p>Entrez dans le menu Safari &gt; Pr\u00e9f\u00e9rences. Dans la rubrique Confidentialit\u00e9, cliquez sur D\u00e9tails. S\u00e9lectionnez le site Web qui stocke des cookies et cliquez sur Supprimer, ou cliquez sur Supprimer Tous pour \u00e9liminer tous les cookies.<\/p>\n","protected":false},"excerpt":{"rendered":"IDENTIFICATION DU PROPRI\u00c9TAIRE DU SITE WEB MYTH-AGECastell\u00f3n \u2013 EspagneSite Web de l\u2019entreprise \u2013 www.myth-age.com INFORMATIONS ET TERMINOLOGIE Les cookies sont de petits fichiers stock\u00e9s par les pages Web, boutiques en ligne, intranets, plateformes en ligne ou similaires, dans le navigateur de l&rsquo;utilisateur qui les visite. Ils sont n\u00e9cessaires \u00e0 la navigation Web et lui apporte [&hellip;]","protected":false},"author":1,"featured_media":0,"parent":0,"menu_order":0,"comment_status":"closed","ping_status":"closed","template":"","meta":{"_acf_changed":false,"footnotes":""},"class_list":["post-4679","page","type-page","status-publish","hentry"],"acf":[],"yoast_head":"<!-- This site is optimized with the Yoast SEO plugin v27.1.1 - https:\/\/yoast.com\/product\/yoast-seo-wordpress\/ -->\n<title>Politique de cookies - Myth.age<\/title>\n<meta name=\"robots\" content=\"index, follow, max-snippet:-1, max-image-preview:large, max-video-preview:-1\" \/>\n<link rel=\"canonical\" href=\"https:\/\/myth-age.com\/fr\/politique-de-cookies\/\" \/>\n<meta property=\"og:locale\" content=\"fr_FR\" \/>\n<meta property=\"og:type\" content=\"article\" \/>\n<meta property=\"og:title\" content=\"Politique de cookies - Myth.age\" \/>\n<meta property=\"og:description\" content=\"IDENTIFICATION DU PROPRI\u00c9TAIRE DU SITE WEB MYTH-AGECastell\u00f3n \u2013 EspagneSite Web de l\u2019entreprise \u2013 www.myth-age.com INFORMATIONS ET TERMINOLOGIE Les cookies sont de petits fichiers stock\u00e9s par les pages Web, boutiques en ligne, intranets, plateformes en ligne ou similaires, dans le navigateur de l&rsquo;utilisateur qui les visite. Ils sont n\u00e9cessaires \u00e0 la navigation Web et lui apporte [&hellip;]\" \/>\n<meta property=\"og:url\" content=\"https:\/\/myth-age.com\/fr\/politique-de-cookies\/\" \/>\n<meta property=\"og:site_name\" content=\"Myth.age\" \/>\n<meta property=\"article:modified_time\" content=\"2023-08-16T14:51:26+00:00\" \/>\n<meta name=\"twitter:card\" content=\"summary_large_image\" \/>\n<meta name=\"twitter:label1\" content=\"Dur\u00e9e de lecture estim\u00e9e\" \/>\n\t<meta name=\"twitter:data1\" content=\"4 minutes\" \/>\n<script type=\"application\/ld+json\" class=\"yoast-schema-graph\">{\"@context\":\"https:\/\/schema.org\",\"@graph\":[{\"@type\":\"WebPage\",\"@id\":\"https:\/\/myth-age.com\/fr\/politique-de-cookies\/\",\"url\":\"https:\/\/myth-age.com\/fr\/politique-de-cookies\/\",\"name\":\"Politique de cookies - Myth.age\",\"isPartOf\":{\"@id\":\"https:\/\/myth-age.com\/#website\"},\"datePublished\":\"2023-05-23T06:44:53+00:00\",\"dateModified\":\"2023-08-16T14:51:26+00:00\",\"breadcrumb\":{\"@id\":\"https:\/\/myth-age.com\/fr\/politique-de-cookies\/#breadcrumb\"},\"inLanguage\":\"fr-FR\",\"potentialAction\":[{\"@type\":\"ReadAction\",\"target\":[\"https:\/\/myth-age.com\/fr\/politique-de-cookies\/\"]}]},{\"@type\":\"BreadcrumbList\",\"@id\":\"https:\/\/myth-age.com\/fr\/politique-de-cookies\/#breadcrumb\",\"itemListElement\":[{\"@type\":\"ListItem\",\"position\":1,\"name\":\"Portada\",\"item\":\"https:\/\/myth-age.com\/fr\/\"},{\"@type\":\"ListItem\",\"position\":2,\"name\":\"Politique de cookies\"}]},{\"@type\":\"WebSite\",\"@id\":\"https:\/\/myth-age.com\/#website\",\"url\":\"https:\/\/myth-age.com\/\",\"name\":\"Myth.age\",\"description\":\"Del exterior hacia el interior.\",\"publisher\":{\"@id\":\"https:\/\/myth-age.com\/#organization\"},\"potentialAction\":[{\"@type\":\"SearchAction\",\"target\":{\"@type\":\"EntryPoint\",\"urlTemplate\":\"https:\/\/myth-age.com\/?s={search_term_string}\"},\"query-input\":{\"@type\":\"PropertyValueSpecification\",\"valueRequired\":true,\"valueName\":\"search_term_string\"}}],\"inLanguage\":\"fr-FR\"},{\"@type\":\"Organization\",\"@id\":\"https:\/\/myth-age.com\/#organization\",\"name\":\"Myth.age\",\"url\":\"https:\/\/myth-age.com\/\",\"logo\":{\"@type\":\"ImageObject\",\"inLanguage\":\"fr-FR\",\"@id\":\"https:\/\/myth-age.com\/#\/schema\/logo\/image\/\",\"url\":\"https:\/\/myth-age.com\/wp-content\/uploads\/2023\/05\/MYTHAGE-Negro-1.svg\",\"contentUrl\":\"https:\/\/myth-age.com\/wp-content\/uploads\/2023\/05\/MYTHAGE-Negro-1.svg\",\"width\":1,\"height\":1,\"caption\":\"Myth.age\"},\"image\":{\"@id\":\"https:\/\/myth-age.com\/#\/schema\/logo\/image\/\"}}]}<\/script>\n<!-- \/ Yoast SEO plugin. -->","yoast_head_json":{"title":"Politique de cookies - Myth.age","robots":{"index":"index","follow":"follow","max-snippet":"max-snippet:-1","max-image-preview":"max-image-preview:large","max-video-preview":"max-video-preview:-1"},"canonical":"https:\/\/myth-age.com\/fr\/politique-de-cookies\/","og_locale":"fr_FR","og_type":"article","og_title":"Politique de cookies - Myth.age","og_description":"IDENTIFICATION DU PROPRI\u00c9TAIRE DU SITE WEB MYTH-AGECastell\u00f3n \u2013 EspagneSite Web de l\u2019entreprise \u2013 www.myth-age.com INFORMATIONS ET TERMINOLOGIE Les cookies sont de petits fichiers stock\u00e9s par les pages Web, boutiques en ligne, intranets, plateformes en ligne ou similaires, dans le navigateur de l&rsquo;utilisateur qui les visite. Ils sont n\u00e9cessaires \u00e0 la navigation Web et lui apporte [&hellip;]","og_url":"https:\/\/myth-age.com\/fr\/politique-de-cookies\/","og_site_name":"Myth.age","article_modified_time":"2023-08-16T14:51:26+00:00","twitter_card":"summary_large_image","twitter_misc":{"Dur\u00e9e de lecture estim\u00e9e":"4 minutes"},"schema":{"@context":"https:\/\/schema.org","@graph":[{"@type":"WebPage","@id":"https:\/\/myth-age.com\/fr\/politique-de-cookies\/","url":"https:\/\/myth-age.com\/fr\/politique-de-cookies\/","name":"Politique de cookies - Myth.age","isPartOf":{"@id":"https:\/\/myth-age.com\/#website"},"datePublished":"2023-05-23T06:44:53+00:00","dateModified":"2023-08-16T14:51:26+00:00","breadcrumb":{"@id":"https:\/\/myth-age.com\/fr\/politique-de-cookies\/#breadcrumb"},"inLanguage":"fr-FR","potentialAction":[{"@type":"ReadAction","target":["https:\/\/myth-age.com\/fr\/politique-de-cookies\/"]}]},{"@type":"BreadcrumbList","@id":"https:\/\/myth-age.com\/fr\/politique-de-cookies\/#breadcrumb","itemListElement":[{"@type":"ListItem","position":1,"name":"Portada","item":"https:\/\/myth-age.com\/fr\/"},{"@type":"ListItem","position":2,"name":"Politique de cookies"}]},{"@type":"WebSite","@id":"https:\/\/myth-age.com\/#website","url":"https:\/\/myth-age.com\/","name":"Myth.age","description":"Del exterior hacia el interior.","publisher":{"@id":"https:\/\/myth-age.com\/#organization"},"potentialAction":[{"@type":"SearchAction","target":{"@type":"EntryPoint","urlTemplate":"https:\/\/myth-age.com\/?s={search_term_string}"},"query-input":{"@type":"PropertyValueSpecification","valueRequired":true,"valueName":"search_term_string"}}],"inLanguage":"fr-FR"},{"@type":"Organization","@id":"https:\/\/myth-age.com\/#organization","name":"Myth.age","url":"https:\/\/myth-age.com\/","logo":{"@type":"ImageObject","inLanguage":"fr-FR","@id":"https:\/\/myth-age.com\/#\/schema\/logo\/image\/","url":"https:\/\/myth-age.com\/wp-content\/uploads\/2023\/05\/MYTHAGE-Negro-1.svg","contentUrl":"https:\/\/myth-age.com\/wp-content\/uploads\/2023\/05\/MYTHAGE-Negro-1.svg","width":1,"height":1,"caption":"Myth.age"},"image":{"@id":"https:\/\/myth-age.com\/#\/schema\/logo\/image\/"}}]}},"_links":{"self":[{"href":"https:\/\/myth-age.com\/fr\/wp-json\/wp\/v2\/pages\/4679","targetHints":{"allow":["GET"]}}],"collection":[{"href":"https:\/\/myth-age.com\/fr\/wp-json\/wp\/v2\/pages"}],"about":[{"href":"https:\/\/myth-age.com\/fr\/wp-json\/wp\/v2\/types\/page"}],"author":[{"embeddable":true,"href":"https:\/\/myth-age.com\/fr\/wp-json\/wp\/v2\/users\/1"}],"replies":[{"embeddable":true,"href":"https:\/\/myth-age.com\/fr\/wp-json\/wp\/v2\/comments?post=4679"}],"version-history":[{"count":1,"href":"https:\/\/myth-age.com\/fr\/wp-json\/wp\/v2\/pages\/4679\/revisions"}],"predecessor-version":[{"id":4680,"href":"https:\/\/myth-age.com\/fr\/wp-json\/wp\/v2\/pages\/4679\/revisions\/4680"}],"wp:attachment":[{"href":"https:\/\/myth-age.com\/fr\/wp-json\/wp\/v2\/media?parent=4679"}],"curies":[{"name":"wp","href":"https:\/\/api.w.org\/{rel}","templated":true}]}}