{"id":61873,"date":"2025-07-16T07:20:19","date_gmt":"2025-07-16T07:20:19","guid":{"rendered":"https:\/\/myth-age.com\/?page_id=61873"},"modified":"2025-07-16T08:16:56","modified_gmt":"2025-07-16T08:16:56","slug":"visualisez-vos-espaces-avec-le-nouveau-simulateur-myth%e2%80%91age","status":"publish","type":"page","link":"https:\/\/myth-age.com\/fr\/visualisez-vos-espaces-avec-le-nouveau-simulateur-myth%e2%80%91age\/","title":{"rendered":"Visualisez vos espaces avec le nouveau simulateur Myth\u2011age"},"content":{"rendered":"<p data-start=\"1523\" data-end=\"1897\">Imaginez pouvoir essayer n\u2019importe quel sol ou rev\u00eatement Myth\u2011age directement dans votre salle de bain, cuisine ou salon avec une simple photo : c\u2019est exactement ce que vous offre notre simulateur en ligne. Oubliez les h\u00e9sitations et les \u00e9chantillons interminables ; vous pourrez d\u00e9sormais voir en quelques secondes comment nos mat\u00e9riaux s\u2019int\u00e8grent dans votre int\u00e9rieur.<\/p>\r\n<p data-start=\"1899\" data-end=\"1924\"><strong data-start=\"1899\" data-end=\"1922\">Comment \u00e7a marche ?<\/strong><\/p>\r\n\r\n<ol data-start=\"1926\" data-end=\"2744\">\r\n \t<li data-start=\"1926\" data-end=\"2047\">\r\n<p data-start=\"1929\" data-end=\"2047\"><strong data-start=\"1929\" data-end=\"1965\">Choisissez votre produit pr\u00e9f\u00e9r\u00e9<\/strong><br data-start=\"1965\" data-end=\"1968\" \/>Parcourez <a href=\"https:\/\/myth-age.com\/fr\/series\/\" target=\"_blank\" rel=\"noopener\">notre site web<\/a> et s\u00e9lectionnez le mod\u00e8le qui vous pla\u00eet le plus.<\/p>\r\n<\/li>\r\n \t<li data-start=\"2049\" data-end=\"2336\">\r\n<p data-start=\"2052\" data-end=\"2151\"><strong data-start=\"2052\" data-end=\"2094\">Cliquez sur \u00ab\u202fSimuler dans ma maison\u202f\u00bb<\/strong><br data-start=\"2094\" data-end=\"2097\" \/>Une fen\u00eatre pop\u2011up appara\u00eetra avec deux options :<\/p>\r\n\r\n<ul data-start=\"2155\" data-end=\"2336\">\r\n \t<li data-start=\"2155\" data-end=\"2229\">\r\n<p data-start=\"2157\" data-end=\"2229\"><strong data-start=\"2157\" data-end=\"2190\">Importer votre propre photo\u202f:<\/strong> choisissez une image de votre pi\u00e8ce.<\/p>\r\n<\/li>\r\n \t<li data-start=\"2233\" data-end=\"2336\">\r\n<p data-start=\"2235\" data-end=\"2336\"><strong data-start=\"2235\" data-end=\"2261\">Tester nos ambiances\u202f:<\/strong> s\u00e9lectionnez parmi des salles de bain, cuisines ou salons d\u00e9j\u00e0 pr\u00e9par\u00e9s.<\/p>\r\n<\/li>\r\n<\/ul>\r\n<\/li>\r\n \t<li data-start=\"2338\" data-end=\"2512\">\r\n<p data-start=\"2341\" data-end=\"2512\"><strong data-start=\"2341\" data-end=\"2371\">Personnalisez votre espace<\/strong><br data-start=\"2371\" data-end=\"2374\" \/>Changez les mat\u00e9riaux de sol et de mur en quelques clics. Visualisez chaque combinaison et ajustez jusqu\u2019\u00e0 trouver votre style id\u00e9al.<\/p>\r\n<\/li>\r\n \t<li data-start=\"2514\" data-end=\"2744\">\r\n<p data-start=\"2517\" data-end=\"2744\"><strong data-start=\"2517\" data-end=\"2537\">Repartez de z\u00e9ro<\/strong><br data-start=\"2537\" data-end=\"2540\" \/>Si vous n\u2019avez pas encore choisi de mod\u00e8le, rendez\u2011vous sur la <a href=\"https:\/\/myth-age.com\/?roomvoStartVisualizer=true\" target=\"_blank\" rel=\"noopener\">page g\u00e9n\u00e9rique du simulateur<\/a> et cr\u00e9ez votre espace vierge : testez couleurs, textures et motifs jusqu\u2019\u00e0 obtenir la combinaison parfaite.<\/p>\r\n<\/li>\r\n<\/ol>\r\n<p data-start=\"2746\" data-end=\"3012\">Maintenant que vous savez combien il est simple de transformer une id\u00e9e en image r\u00e9elle, c\u2019est \u00e0 vous de jouer : osez concevoir l\u2019espace de vos r\u00eaves avec Myth\u2011age et d\u00e9couvrez comme il est facile de choisir les meilleurs mat\u00e9riaux pour votre prochaine r\u00e9novation.<\/p>\r\n<p data-start=\"3014\" data-end=\"3064\" data-is-last-node=\"\" data-is-only-node=\"\"><strong data-start=\"3014\" data-end=\"3064\" data-is-last-node=\"\">Donnez vie \u00e0 votre int\u00e9rieur en un seul clic!<\/strong><\/p>","protected":false},"excerpt":{"rendered":"Imaginez pouvoir essayer n\u2019importe quel sol ou rev\u00eatement Myth\u2011age directement dans votre salle de bain, cuisine ou salon avec une simple photo : c\u2019est exactement ce que vous offre notre simulateur en ligne. Oubliez les h\u00e9sitations et les \u00e9chantillons interminables ; vous pourrez d\u00e9sormais voir en quelques secondes comment nos mat\u00e9riaux s\u2019int\u00e8grent dans votre int\u00e9rieur. [&hellip;]","protected":false},"author":2,"featured_media":61864,"parent":0,"menu_order":0,"comment_status":"closed","ping_status":"closed","template":"","meta":{"_acf_changed":false,"footnotes":""},"class_list":["post-61873","page","type-page","status-publish","has-post-thumbnail","hentry"],"acf":[],"yoast_head":"<!-- This site is optimized with the Yoast SEO plugin v27.1.1 - https:\/\/yoast.com\/product\/yoast-seo-wordpress\/ -->\n<title>Visualisez vos espaces avec le nouveau simulateur Myth\u2011age - Myth.age<\/title>\n<meta name=\"robots\" content=\"index, follow, max-snippet:-1, max-image-preview:large, max-video-preview:-1\" \/>\n<link rel=\"canonical\" href=\"https:\/\/myth-age.com\/fr\/visualisez-vos-espaces-avec-le-nouveau-simulateur-myth\u2011age\/\" \/>\n<meta property=\"og:locale\" content=\"fr_FR\" \/>\n<meta property=\"og:type\" content=\"article\" \/>\n<meta property=\"og:title\" content=\"Visualisez vos espaces avec le nouveau simulateur Myth\u2011age - Myth.age\" \/>\n<meta property=\"og:description\" content=\"Imaginez pouvoir essayer n\u2019importe quel sol ou rev\u00eatement Myth\u2011age directement dans votre salle de bain, cuisine ou salon avec une simple photo : c\u2019est exactement ce que vous offre notre simulateur en ligne. Oubliez les h\u00e9sitations et les \u00e9chantillons interminables ; vous pourrez d\u00e9sormais voir en quelques secondes comment nos mat\u00e9riaux s\u2019int\u00e8grent dans votre int\u00e9rieur. [&hellip;]\" \/>\n<meta property=\"og:url\" content=\"https:\/\/myth-age.com\/fr\/visualisez-vos-espaces-avec-le-nouveau-simulateur-myth\u2011age\/\" \/>\n<meta property=\"og:site_name\" content=\"Myth.age\" \/>\n<meta property=\"article:modified_time\" content=\"2025-07-16T08:16:56+00:00\" \/>\n<meta property=\"og:image\" content=\"https:\/\/myth-age.com\/wp-content\/uploads\/2025\/07\/freepik__mockup__59986.jpeg\" \/>\n\t<meta property=\"og:image:width\" content=\"2048\" \/>\n\t<meta property=\"og:image:height\" content=\"1536\" \/>\n\t<meta property=\"og:image:type\" content=\"image\/jpeg\" \/>\n<meta name=\"twitter:card\" content=\"summary_large_image\" \/>\n<meta name=\"twitter:label1\" content=\"Dur\u00e9e de lecture estim\u00e9e\" \/>\n\t<meta name=\"twitter:data1\" content=\"2 minutes\" \/>\n<script type=\"application\/ld+json\" class=\"yoast-schema-graph\">{\"@context\":\"https:\/\/schema.org\",\"@graph\":[{\"@type\":\"WebPage\",\"@id\":\"https:\/\/myth-age.com\/fr\/visualisez-vos-espaces-avec-le-nouveau-simulateur-myth%e2%80%91age\/\",\"url\":\"https:\/\/myth-age.com\/fr\/visualisez-vos-espaces-avec-le-nouveau-simulateur-myth%e2%80%91age\/\",\"name\":\"Visualisez vos espaces avec le nouveau simulateur Myth\u2011age - Myth.age\",\"isPartOf\":{\"@id\":\"https:\/\/myth-age.com\/#website\"},\"primaryImageOfPage\":{\"@id\":\"https:\/\/myth-age.com\/fr\/visualisez-vos-espaces-avec-le-nouveau-simulateur-myth%e2%80%91age\/#primaryimage\"},\"image\":{\"@id\":\"https:\/\/myth-age.com\/fr\/visualisez-vos-espaces-avec-le-nouveau-simulateur-myth%e2%80%91age\/#primaryimage\"},\"thumbnailUrl\":\"https:\/\/myth-age.com\/wp-content\/uploads\/2025\/07\/freepik__mockup__59986.jpeg\",\"datePublished\":\"2025-07-16T07:20:19+00:00\",\"dateModified\":\"2025-07-16T08:16:56+00:00\",\"breadcrumb\":{\"@id\":\"https:\/\/myth-age.com\/fr\/visualisez-vos-espaces-avec-le-nouveau-simulateur-myth%e2%80%91age\/#breadcrumb\"},\"inLanguage\":\"fr-FR\",\"potentialAction\":[{\"@type\":\"ReadAction\",\"target\":[\"https:\/\/myth-age.com\/fr\/visualisez-vos-espaces-avec-le-nouveau-simulateur-myth%e2%80%91age\/\"]}]},{\"@type\":\"ImageObject\",\"inLanguage\":\"fr-FR\",\"@id\":\"https:\/\/myth-age.com\/fr\/visualisez-vos-espaces-avec-le-nouveau-simulateur-myth%e2%80%91age\/#primaryimage\",\"url\":\"https:\/\/myth-age.com\/wp-content\/uploads\/2025\/07\/freepik__mockup__59986.jpeg\",\"contentUrl\":\"https:\/\/myth-age.com\/wp-content\/uploads\/2025\/07\/freepik__mockup__59986.jpeg\",\"width\":2048,\"height\":1536},{\"@type\":\"BreadcrumbList\",\"@id\":\"https:\/\/myth-age.com\/fr\/visualisez-vos-espaces-avec-le-nouveau-simulateur-myth%e2%80%91age\/#breadcrumb\",\"itemListElement\":[{\"@type\":\"ListItem\",\"position\":1,\"name\":\"Portada\",\"item\":\"https:\/\/myth-age.com\/fr\/\"},{\"@type\":\"ListItem\",\"position\":2,\"name\":\"Visualisez vos espaces avec le nouveau simulateur Myth\u2011age\"}]},{\"@type\":\"WebSite\",\"@id\":\"https:\/\/myth-age.com\/#website\",\"url\":\"https:\/\/myth-age.com\/\",\"name\":\"Myth.age\",\"description\":\"Del exterior hacia el interior.\",\"publisher\":{\"@id\":\"https:\/\/myth-age.com\/#organization\"},\"potentialAction\":[{\"@type\":\"SearchAction\",\"target\":{\"@type\":\"EntryPoint\",\"urlTemplate\":\"https:\/\/myth-age.com\/?s={search_term_string}\"},\"query-input\":{\"@type\":\"PropertyValueSpecification\",\"valueRequired\":true,\"valueName\":\"search_term_string\"}}],\"inLanguage\":\"fr-FR\"},{\"@type\":\"Organization\",\"@id\":\"https:\/\/myth-age.com\/#organization\",\"name\":\"Myth.age\",\"url\":\"https:\/\/myth-age.com\/\",\"logo\":{\"@type\":\"ImageObject\",\"inLanguage\":\"fr-FR\",\"@id\":\"https:\/\/myth-age.com\/#\/schema\/logo\/image\/\",\"url\":\"https:\/\/myth-age.com\/wp-content\/uploads\/2023\/05\/MYTHAGE-Negro-1.svg\",\"contentUrl\":\"https:\/\/myth-age.com\/wp-content\/uploads\/2023\/05\/MYTHAGE-Negro-1.svg\",\"width\":1,\"height\":1,\"caption\":\"Myth.age\"},\"image\":{\"@id\":\"https:\/\/myth-age.com\/#\/schema\/logo\/image\/\"}}]}<\/script>\n<!-- \/ Yoast SEO plugin. -->","yoast_head_json":{"title":"Visualisez vos espaces avec le nouveau simulateur Myth\u2011age - Myth.age","robots":{"index":"index","follow":"follow","max-snippet":"max-snippet:-1","max-image-preview":"max-image-preview:large","max-video-preview":"max-video-preview:-1"},"canonical":"https:\/\/myth-age.com\/fr\/visualisez-vos-espaces-avec-le-nouveau-simulateur-myth\u2011age\/","og_locale":"fr_FR","og_type":"article","og_title":"Visualisez vos espaces avec le nouveau simulateur Myth\u2011age - Myth.age","og_description":"Imaginez pouvoir essayer n\u2019importe quel sol ou rev\u00eatement Myth\u2011age directement dans votre salle de bain, cuisine ou salon avec une simple photo : c\u2019est exactement ce que vous offre notre simulateur en ligne. Oubliez les h\u00e9sitations et les \u00e9chantillons interminables ; vous pourrez d\u00e9sormais voir en quelques secondes comment nos mat\u00e9riaux s\u2019int\u00e8grent dans votre int\u00e9rieur. [&hellip;]","og_url":"https:\/\/myth-age.com\/fr\/visualisez-vos-espaces-avec-le-nouveau-simulateur-myth\u2011age\/","og_site_name":"Myth.age","article_modified_time":"2025-07-16T08:16:56+00:00","og_image":[{"width":2048,"height":1536,"url":"https:\/\/myth-age.com\/wp-content\/uploads\/2025\/07\/freepik__mockup__59986.jpeg","type":"image\/jpeg"}],"twitter_card":"summary_large_image","twitter_misc":{"Dur\u00e9e de lecture estim\u00e9e":"2 minutes"},"schema":{"@context":"https:\/\/schema.org","@graph":[{"@type":"WebPage","@id":"https:\/\/myth-age.com\/fr\/visualisez-vos-espaces-avec-le-nouveau-simulateur-myth%e2%80%91age\/","url":"https:\/\/myth-age.com\/fr\/visualisez-vos-espaces-avec-le-nouveau-simulateur-myth%e2%80%91age\/","name":"Visualisez vos espaces avec le nouveau simulateur Myth\u2011age - Myth.age","isPartOf":{"@id":"https:\/\/myth-age.com\/#website"},"primaryImageOfPage":{"@id":"https:\/\/myth-age.com\/fr\/visualisez-vos-espaces-avec-le-nouveau-simulateur-myth%e2%80%91age\/#primaryimage"},"image":{"@id":"https:\/\/myth-age.com\/fr\/visualisez-vos-espaces-avec-le-nouveau-simulateur-myth%e2%80%91age\/#primaryimage"},"thumbnailUrl":"https:\/\/myth-age.com\/wp-content\/uploads\/2025\/07\/freepik__mockup__59986.jpeg","datePublished":"2025-07-16T07:20:19+00:00","dateModified":"2025-07-16T08:16:56+00:00","breadcrumb":{"@id":"https:\/\/myth-age.com\/fr\/visualisez-vos-espaces-avec-le-nouveau-simulateur-myth%e2%80%91age\/#breadcrumb"},"inLanguage":"fr-FR","potentialAction":[{"@type":"ReadAction","target":["https:\/\/myth-age.com\/fr\/visualisez-vos-espaces-avec-le-nouveau-simulateur-myth%e2%80%91age\/"]}]},{"@type":"ImageObject","inLanguage":"fr-FR","@id":"https:\/\/myth-age.com\/fr\/visualisez-vos-espaces-avec-le-nouveau-simulateur-myth%e2%80%91age\/#primaryimage","url":"https:\/\/myth-age.com\/wp-content\/uploads\/2025\/07\/freepik__mockup__59986.jpeg","contentUrl":"https:\/\/myth-age.com\/wp-content\/uploads\/2025\/07\/freepik__mockup__59986.jpeg","width":2048,"height":1536},{"@type":"BreadcrumbList","@id":"https:\/\/myth-age.com\/fr\/visualisez-vos-espaces-avec-le-nouveau-simulateur-myth%e2%80%91age\/#breadcrumb","itemListElement":[{"@type":"ListItem","position":1,"name":"Portada","item":"https:\/\/myth-age.com\/fr\/"},{"@type":"ListItem","position":2,"name":"Visualisez vos espaces avec le nouveau simulateur Myth\u2011age"}]},{"@type":"WebSite","@id":"https:\/\/myth-age.com\/#website","url":"https:\/\/myth-age.com\/","name":"Myth.age","description":"Del exterior hacia el interior.","publisher":{"@id":"https:\/\/myth-age.com\/#organization"},"potentialAction":[{"@type":"SearchAction","target":{"@type":"EntryPoint","urlTemplate":"https:\/\/myth-age.com\/?s={search_term_string}"},"query-input":{"@type":"PropertyValueSpecification","valueRequired":true,"valueName":"search_term_string"}}],"inLanguage":"fr-FR"},{"@type":"Organization","@id":"https:\/\/myth-age.com\/#organization","name":"Myth.age","url":"https:\/\/myth-age.com\/","logo":{"@type":"ImageObject","inLanguage":"fr-FR","@id":"https:\/\/myth-age.com\/#\/schema\/logo\/image\/","url":"https:\/\/myth-age.com\/wp-content\/uploads\/2023\/05\/MYTHAGE-Negro-1.svg","contentUrl":"https:\/\/myth-age.com\/wp-content\/uploads\/2023\/05\/MYTHAGE-Negro-1.svg","width":1,"height":1,"caption":"Myth.age"},"image":{"@id":"https:\/\/myth-age.com\/#\/schema\/logo\/image\/"}}]}},"_links":{"self":[{"href":"https:\/\/myth-age.com\/fr\/wp-json\/wp\/v2\/pages\/61873","targetHints":{"allow":["GET"]}}],"collection":[{"href":"https:\/\/myth-age.com\/fr\/wp-json\/wp\/v2\/pages"}],"about":[{"href":"https:\/\/myth-age.com\/fr\/wp-json\/wp\/v2\/types\/page"}],"author":[{"embeddable":true,"href":"https:\/\/myth-age.com\/fr\/wp-json\/wp\/v2\/users\/2"}],"replies":[{"embeddable":true,"href":"https:\/\/myth-age.com\/fr\/wp-json\/wp\/v2\/comments?post=61873"}],"version-history":[{"count":1,"href":"https:\/\/myth-age.com\/fr\/wp-json\/wp\/v2\/pages\/61873\/revisions"}],"predecessor-version":[{"id":61874,"href":"https:\/\/myth-age.com\/fr\/wp-json\/wp\/v2\/pages\/61873\/revisions\/61874"}],"wp:featuredmedia":[{"embeddable":true,"href":"https:\/\/myth-age.com\/fr\/wp-json\/wp\/v2\/media\/61864"}],"wp:attachment":[{"href":"https:\/\/myth-age.com\/fr\/wp-json\/wp\/v2\/media?parent=61873"}],"curies":[{"name":"wp","href":"https:\/\/api.w.org\/{rel}","templated":true}]}}