{"id":7765,"date":"2023-04-27T09:18:31","date_gmt":"2023-04-27T09:18:31","guid":{"rendered":"https:\/\/myth-age.com\/fooldal\/"},"modified":"2024-03-07T13:06:25","modified_gmt":"2024-03-07T13:06:25","slug":"fooldal","status":"publish","type":"page","link":"https:\/\/myth-age.com\/hu\/","title":{"rendered":"F\u0151oldal"},"content":{"rendered":"\n<p>Ez egy mintaoldal. Nem ugyanaz, mint egy blogbejegyz\u00e9s, mert \u00e1lland\u00f3an egy helyen marad, \u00e9s az oldalad navig\u00e1ci\u00f3j\u00e1ban jelenik meg (a legt\u00f6bb sablonn\u00e1l). Az emberek t\u00f6bbs\u00e9ge egy \u201eN\u00e9vjegy\u201d oldallal kezdi, ahol bemutatkozik a l\u00e1togat\u00f3inak. \u00cdrhatsz p\u00e9ld\u00e1ul valami ilyesmit:<\/p>\n\n\n\n<blockquote class=\"wp-block-quote\">\n<p>Sziasztok! Nappal pinc\u00e9r vagyok, \u00e9jjel pedig felt\u00f6rekv\u0151 sz\u00edn\u00e9sz. \u00cdme a weboldalam. Kiskunhalason lakom a kuty\u00e1mmal, Bercivel. Mindenem a bodzasz\u00f6rp, no meg a hossz\u00fa d\u00e9lut\u00e1nok egy b\u00f6gre tejesk\u00e1v\u00e9val.<\/p>\n<\/blockquote>\n\n\n\n<p>\u2026vagy ezt:<\/p>\n\n\n\n<blockquote class=\"wp-block-quote\">\n<p>A \u201eVir\u00e1g Erzsi\u201d c\u00e9get Balogh Erzs\u00e9bet alap\u00edtotta. Kis c\u00e9gk\u00e9nt indultunk, k\u00f6rny\u00e9kbeli esk\u00fcv\u0151kre \u00e9s temet\u00e9sekre sz\u00e1ll\u00edtottunk csokrokat. Azt\u00e1n fokozatosan egyre nagyobbak lett\u00fcnk. Erzsi felvir\u00e1goztat.<\/p>\n<\/blockquote>\n\n\n\n<p>Ha \u00faj WordPress-felhaszn\u00e1l\u00f3 vagy, \u00e9s t\u00f6r\u00f6lni k\u00edv\u00e1nod az oldaladat, vagy \u00faj oldalakat hozn\u00e1l l\u00e9tre a tartalmaidhoz, l\u00e9pj <a href=\"http:\/\/myth-age.com\/wp-admin\/\">az ir\u00e1ny\u00edt\u00f3pultodra<\/a>. J\u00f3 sz\u00f3rakoz\u00e1st!<\/p>\n","protected":false},"excerpt":{"rendered":"Ez egy mintaoldal. Nem ugyanaz, mint egy blogbejegyz\u00e9s, mert \u00e1lland\u00f3an egy helyen marad, \u00e9s az oldalad navig\u00e1ci\u00f3j\u00e1ban jelenik meg (a legt\u00f6bb sablonn\u00e1l). Az emberek t\u00f6bbs\u00e9ge egy \u201eN\u00e9vjegy\u201d oldallal kezdi, ahol bemutatkozik a l\u00e1togat\u00f3inak. \u00cdrhatsz p\u00e9ld\u00e1ul valami ilyesmit: Sziasztok! Nappal pinc\u00e9r vagyok, \u00e9jjel pedig felt\u00f6rekv\u0151 sz\u00edn\u00e9sz. \u00cdme a weboldalam. Kiskunhalason lakom a kuty\u00e1mmal, Bercivel. Mindenem a [&hellip;]","protected":false},"author":1,"featured_media":4714,"parent":0,"menu_order":0,"comment_status":"closed","ping_status":"closed","template":"front-page.php","meta":{"_acf_changed":false,"footnotes":""},"class_list":["post-7765","page","type-page","status-publish","has-post-thumbnail","hentry"],"acf":[],"yoast_head":"<!-- This site is optimized with the Yoast SEO plugin v27.1.1 - https:\/\/yoast.com\/product\/yoast-seo-wordpress\/ -->\n<title>F\u0151oldal - Myth.age<\/title>\n<meta name=\"robots\" content=\"index, follow, max-snippet:-1, max-image-preview:large, max-video-preview:-1\" \/>\n<link rel=\"canonical\" href=\"https:\/\/myth-age.com\/hu\/\" \/>\n<meta property=\"og:locale\" content=\"hu_HU\" \/>\n<meta property=\"og:type\" content=\"article\" \/>\n<meta property=\"og:title\" content=\"F\u0151oldal - Myth.age\" \/>\n<meta property=\"og:description\" content=\"Ez egy mintaoldal. Nem ugyanaz, mint egy blogbejegyz\u00e9s, mert \u00e1lland\u00f3an egy helyen marad, \u00e9s az oldalad navig\u00e1ci\u00f3j\u00e1ban jelenik meg (a legt\u00f6bb sablonn\u00e1l). Az emberek t\u00f6bbs\u00e9ge egy \u201eN\u00e9vjegy\u201d oldallal kezdi, ahol bemutatkozik a l\u00e1togat\u00f3inak. \u00cdrhatsz p\u00e9ld\u00e1ul valami ilyesmit: Sziasztok! Nappal pinc\u00e9r vagyok, \u00e9jjel pedig felt\u00f6rekv\u0151 sz\u00edn\u00e9sz. \u00cdme a weboldalam. Kiskunhalason lakom a kuty\u00e1mmal, Bercivel. Mindenem a [&hellip;]\" \/>\n<meta property=\"og:url\" content=\"https:\/\/myth-age.com\/hu\/\" \/>\n<meta property=\"og:site_name\" content=\"Myth.age\" \/>\n<meta property=\"article:modified_time\" content=\"2024-03-07T13:06:25+00:00\" \/>\n<meta property=\"og:image\" content=\"https:\/\/myth-age.com\/wp-content\/uploads\/2023\/04\/katsia-jazwinska-RIb19_YSUX0-unsplash-scaled.jpg\" \/>\n\t<meta property=\"og:image:width\" content=\"2560\" \/>\n\t<meta property=\"og:image:height\" content=\"1707\" \/>\n\t<meta property=\"og:image:type\" content=\"image\/jpeg\" \/>\n<meta name=\"twitter:card\" content=\"summary_large_image\" \/>\n<meta name=\"twitter:label1\" content=\"Becs\u00fclt olvas\u00e1si id\u0151\" \/>\n\t<meta name=\"twitter:data1\" content=\"1 perc\" \/>\n<script type=\"application\/ld+json\" class=\"yoast-schema-graph\">{\"@context\":\"https:\/\/schema.org\",\"@graph\":[{\"@type\":\"WebPage\",\"@id\":\"https:\/\/myth-age.com\/hu\/\",\"url\":\"https:\/\/myth-age.com\/hu\/\",\"name\":\"F\u0151oldal - Myth.age\",\"isPartOf\":{\"@id\":\"https:\/\/myth-age.com\/#website\"},\"primaryImageOfPage\":{\"@id\":\"https:\/\/myth-age.com\/hu\/#primaryimage\"},\"image\":{\"@id\":\"https:\/\/myth-age.com\/hu\/#primaryimage\"},\"thumbnailUrl\":\"https:\/\/myth-age.com\/wp-content\/uploads\/2023\/04\/katsia-jazwinska-RIb19_YSUX0-unsplash-scaled.jpg\",\"datePublished\":\"2023-04-27T09:18:31+00:00\",\"dateModified\":\"2024-03-07T13:06:25+00:00\",\"breadcrumb\":{\"@id\":\"https:\/\/myth-age.com\/hu\/#breadcrumb\"},\"inLanguage\":\"hu\",\"potentialAction\":[{\"@type\":\"ReadAction\",\"target\":[\"https:\/\/myth-age.com\/hu\/\"]}]},{\"@type\":\"ImageObject\",\"inLanguage\":\"hu\",\"@id\":\"https:\/\/myth-age.com\/hu\/#primaryimage\",\"url\":\"https:\/\/myth-age.com\/wp-content\/uploads\/2023\/04\/katsia-jazwinska-RIb19_YSUX0-unsplash-scaled.jpg\",\"contentUrl\":\"https:\/\/myth-age.com\/wp-content\/uploads\/2023\/04\/katsia-jazwinska-RIb19_YSUX0-unsplash-scaled.jpg\",\"width\":2560,\"height\":1707},{\"@type\":\"BreadcrumbList\",\"@id\":\"https:\/\/myth-age.com\/hu\/#breadcrumb\",\"itemListElement\":[{\"@type\":\"ListItem\",\"position\":1,\"name\":\"Portada\",\"item\":\"https:\/\/myth-age.com\/hu\/\"},{\"@type\":\"ListItem\",\"position\":2,\"name\":\"F\u0151oldal\"}]},{\"@type\":\"WebSite\",\"@id\":\"https:\/\/myth-age.com\/#website\",\"url\":\"https:\/\/myth-age.com\/\",\"name\":\"Myth.age\",\"description\":\"Del exterior hacia el interior.\",\"publisher\":{\"@id\":\"https:\/\/myth-age.com\/#organization\"},\"potentialAction\":[{\"@type\":\"SearchAction\",\"target\":{\"@type\":\"EntryPoint\",\"urlTemplate\":\"https:\/\/myth-age.com\/?s={search_term_string}\"},\"query-input\":{\"@type\":\"PropertyValueSpecification\",\"valueRequired\":true,\"valueName\":\"search_term_string\"}}],\"inLanguage\":\"hu\"},{\"@type\":\"Organization\",\"@id\":\"https:\/\/myth-age.com\/#organization\",\"name\":\"Myth.age\",\"url\":\"https:\/\/myth-age.com\/\",\"logo\":{\"@type\":\"ImageObject\",\"inLanguage\":\"hu\",\"@id\":\"https:\/\/myth-age.com\/#\/schema\/logo\/image\/\",\"url\":\"https:\/\/myth-age.com\/wp-content\/uploads\/2023\/05\/MYTHAGE-Negro-1.svg\",\"contentUrl\":\"https:\/\/myth-age.com\/wp-content\/uploads\/2023\/05\/MYTHAGE-Negro-1.svg\",\"width\":1,\"height\":1,\"caption\":\"Myth.age\"},\"image\":{\"@id\":\"https:\/\/myth-age.com\/#\/schema\/logo\/image\/\"}}]}<\/script>\n<!-- \/ Yoast SEO plugin. -->","yoast_head_json":{"title":"F\u0151oldal - Myth.age","robots":{"index":"index","follow":"follow","max-snippet":"max-snippet:-1","max-image-preview":"max-image-preview:large","max-video-preview":"max-video-preview:-1"},"canonical":"https:\/\/myth-age.com\/hu\/","og_locale":"hu_HU","og_type":"article","og_title":"F\u0151oldal - Myth.age","og_description":"Ez egy mintaoldal. Nem ugyanaz, mint egy blogbejegyz\u00e9s, mert \u00e1lland\u00f3an egy helyen marad, \u00e9s az oldalad navig\u00e1ci\u00f3j\u00e1ban jelenik meg (a legt\u00f6bb sablonn\u00e1l). Az emberek t\u00f6bbs\u00e9ge egy \u201eN\u00e9vjegy\u201d oldallal kezdi, ahol bemutatkozik a l\u00e1togat\u00f3inak. \u00cdrhatsz p\u00e9ld\u00e1ul valami ilyesmit: Sziasztok! Nappal pinc\u00e9r vagyok, \u00e9jjel pedig felt\u00f6rekv\u0151 sz\u00edn\u00e9sz. \u00cdme a weboldalam. Kiskunhalason lakom a kuty\u00e1mmal, Bercivel. Mindenem a [&hellip;]","og_url":"https:\/\/myth-age.com\/hu\/","og_site_name":"Myth.age","article_modified_time":"2024-03-07T13:06:25+00:00","og_image":[{"width":2560,"height":1707,"url":"https:\/\/myth-age.com\/wp-content\/uploads\/2023\/04\/katsia-jazwinska-RIb19_YSUX0-unsplash-scaled.jpg","type":"image\/jpeg"}],"twitter_card":"summary_large_image","twitter_misc":{"Becs\u00fclt olvas\u00e1si id\u0151":"1 perc"},"schema":{"@context":"https:\/\/schema.org","@graph":[{"@type":"WebPage","@id":"https:\/\/myth-age.com\/hu\/","url":"https:\/\/myth-age.com\/hu\/","name":"F\u0151oldal - Myth.age","isPartOf":{"@id":"https:\/\/myth-age.com\/#website"},"primaryImageOfPage":{"@id":"https:\/\/myth-age.com\/hu\/#primaryimage"},"image":{"@id":"https:\/\/myth-age.com\/hu\/#primaryimage"},"thumbnailUrl":"https:\/\/myth-age.com\/wp-content\/uploads\/2023\/04\/katsia-jazwinska-RIb19_YSUX0-unsplash-scaled.jpg","datePublished":"2023-04-27T09:18:31+00:00","dateModified":"2024-03-07T13:06:25+00:00","breadcrumb":{"@id":"https:\/\/myth-age.com\/hu\/#breadcrumb"},"inLanguage":"hu","potentialAction":[{"@type":"ReadAction","target":["https:\/\/myth-age.com\/hu\/"]}]},{"@type":"ImageObject","inLanguage":"hu","@id":"https:\/\/myth-age.com\/hu\/#primaryimage","url":"https:\/\/myth-age.com\/wp-content\/uploads\/2023\/04\/katsia-jazwinska-RIb19_YSUX0-unsplash-scaled.jpg","contentUrl":"https:\/\/myth-age.com\/wp-content\/uploads\/2023\/04\/katsia-jazwinska-RIb19_YSUX0-unsplash-scaled.jpg","width":2560,"height":1707},{"@type":"BreadcrumbList","@id":"https:\/\/myth-age.com\/hu\/#breadcrumb","itemListElement":[{"@type":"ListItem","position":1,"name":"Portada","item":"https:\/\/myth-age.com\/hu\/"},{"@type":"ListItem","position":2,"name":"F\u0151oldal"}]},{"@type":"WebSite","@id":"https:\/\/myth-age.com\/#website","url":"https:\/\/myth-age.com\/","name":"Myth.age","description":"Del exterior hacia el interior.","publisher":{"@id":"https:\/\/myth-age.com\/#organization"},"potentialAction":[{"@type":"SearchAction","target":{"@type":"EntryPoint","urlTemplate":"https:\/\/myth-age.com\/?s={search_term_string}"},"query-input":{"@type":"PropertyValueSpecification","valueRequired":true,"valueName":"search_term_string"}}],"inLanguage":"hu"},{"@type":"Organization","@id":"https:\/\/myth-age.com\/#organization","name":"Myth.age","url":"https:\/\/myth-age.com\/","logo":{"@type":"ImageObject","inLanguage":"hu","@id":"https:\/\/myth-age.com\/#\/schema\/logo\/image\/","url":"https:\/\/myth-age.com\/wp-content\/uploads\/2023\/05\/MYTHAGE-Negro-1.svg","contentUrl":"https:\/\/myth-age.com\/wp-content\/uploads\/2023\/05\/MYTHAGE-Negro-1.svg","width":1,"height":1,"caption":"Myth.age"},"image":{"@id":"https:\/\/myth-age.com\/#\/schema\/logo\/image\/"}}]}},"_links":{"self":[{"href":"https:\/\/myth-age.com\/hu\/wp-json\/wp\/v2\/pages\/7765","targetHints":{"allow":["GET"]}}],"collection":[{"href":"https:\/\/myth-age.com\/hu\/wp-json\/wp\/v2\/pages"}],"about":[{"href":"https:\/\/myth-age.com\/hu\/wp-json\/wp\/v2\/types\/page"}],"author":[{"embeddable":true,"href":"https:\/\/myth-age.com\/hu\/wp-json\/wp\/v2\/users\/1"}],"replies":[{"embeddable":true,"href":"https:\/\/myth-age.com\/hu\/wp-json\/wp\/v2\/comments?post=7765"}],"version-history":[{"count":3,"href":"https:\/\/myth-age.com\/hu\/wp-json\/wp\/v2\/pages\/7765\/revisions"}],"predecessor-version":[{"id":20076,"href":"https:\/\/myth-age.com\/hu\/wp-json\/wp\/v2\/pages\/7765\/revisions\/20076"}],"wp:featuredmedia":[{"embeddable":true,"href":"https:\/\/myth-age.com\/hu\/wp-json\/wp\/v2\/media\/4714"}],"wp:attachment":[{"href":"https:\/\/myth-age.com\/hu\/wp-json\/wp\/v2\/media?parent=7765"}],"curies":[{"name":"wp","href":"https:\/\/api.w.org\/{rel}","templated":true}]}}