{"id":7771,"date":"2023-04-27T11:47:30","date_gmt":"2023-04-27T11:47:30","guid":{"rendered":"https:\/\/myth-age.com\/jogi-nyilatkozat\/"},"modified":"2023-10-11T09:38:52","modified_gmt":"2023-10-11T09:38:52","slug":"jogi-nyilatkozat","status":"publish","type":"page","link":"https:\/\/myth-age.com\/hu\/jogi-nyilatkozat\/","title":{"rendered":"Jogi nyilatkozat"},"content":{"rendered":"\n<h3 class=\"wp-block-heading\"><strong>Jogi nyilatkozat \u2013 \u00c1ltal\u00e1nos felhaszn\u00e1l\u00e1si felt\u00e9telek \u2013 Adatv\u00e9delmi szab\u00e1lyzat<\/strong>.<\/h3>\n\n\n\n<p>A<strong> MYTHAGE-zsal<\/strong> folytatott kommunik\u00e1ci\u00f3 ak\u00e1r az e-mail-c\u00edmeden, ak\u00e1r a jelen webhelyen tal\u00e1lhat\u00f3 \u0171rlapokon, ak\u00e1r az e-mailedre mutat\u00f3 linken kereszt\u00fcl t\u00f6rt\u00e9nik, kifejezett hozz\u00e1j\u00e1rul\u00e1sodnak min\u0151s\u00fcl ahhoz, hogy szem\u00e9lyes adataidat <strong>a TAU CER\u00c1MICA<\/strong> \u00e1llom\u00e1nyaiban t\u00e1rolj\u00e1k, amelynek c\u00edme:<\/p>\n\n\n\n<h4 class=\"wp-block-heading\"><strong>Myth-Age \/ Sz\u00e9khely<\/strong><\/h4>\n\n\n\n<p><strong>Carrer del Toll 18, 12200 Onda, Castell\u00f3n, Spanyolorsz\u00e1g<\/strong><\/p>\n\n\n\n<p>Ezeket az adatokat a v\u00e1llalat saj\u00e1t felel\u0151ss\u00e9g\u00e9re kezeli a felmer\u00fcl\u0151 probl\u00e9m\u00e1k megold\u00e1sa \u00e9rdek\u00e9ben. Az \u00e9rintett a fent eml\u00edtett \u00e1llom\u00e1nyokban szerepl\u0151 szem\u00e9lyes adatokra vonatkoz\u00f3an hozz\u00e1f\u00e9r\u00e9si, helyesb\u00edt\u00e9si, t\u00f6rl\u00e9si \u00e9s tiltakoz\u00e1si joggal rendelkezik, \u00e9s hozz\u00e1j\u00e1rul\u00e1s\u00e1t b\u00e1rmikor visszavonhatja \u00edr\u00e1sban (a szem\u00e9lyes adatok v\u00e9delm\u00e9r\u0151l sz\u00f3l\u00f3 15\/1999. december 13-i spanyol organikus t\u00f6rv\u00e9ny \u00e9rtelm\u00e9ben).<\/p>\n","protected":false},"excerpt":{"rendered":"Jogi nyilatkozat \u2013 \u00c1ltal\u00e1nos felhaszn\u00e1l\u00e1si felt\u00e9telek \u2013 Adatv\u00e9delmi szab\u00e1lyzat. A MYTHAGE-zsal folytatott kommunik\u00e1ci\u00f3 ak\u00e1r az e-mail-c\u00edmeden, ak\u00e1r a jelen webhelyen tal\u00e1lhat\u00f3 \u0171rlapokon, ak\u00e1r az e-mailedre mutat\u00f3 linken kereszt\u00fcl t\u00f6rt\u00e9nik, kifejezett hozz\u00e1j\u00e1rul\u00e1sodnak min\u0151s\u00fcl ahhoz, hogy szem\u00e9lyes adataidat a TAU CER\u00c1MICA \u00e1llom\u00e1nyaiban t\u00e1rolj\u00e1k, amelynek c\u00edme: Myth-Age \/ Sz\u00e9khely Carrer del Toll 18, 12200 Onda, Castell\u00f3n, Spanyolorsz\u00e1g Ezeket [&hellip;]","protected":false},"author":1,"featured_media":4728,"parent":0,"menu_order":0,"comment_status":"closed","ping_status":"closed","template":"page.php","meta":{"_acf_changed":false,"footnotes":""},"class_list":["post-7771","page","type-page","status-publish","has-post-thumbnail","hentry"],"acf":[],"yoast_head":"<!-- This site is optimized with the Yoast SEO plugin v27.1.1 - https:\/\/yoast.com\/product\/yoast-seo-wordpress\/ -->\n<title>Jogi nyilatkozat - Myth.age<\/title>\n<meta name=\"robots\" content=\"index, follow, max-snippet:-1, max-image-preview:large, max-video-preview:-1\" \/>\n<link rel=\"canonical\" href=\"https:\/\/myth-age.com\/hu\/jogi-nyilatkozat\/\" \/>\n<meta property=\"og:locale\" content=\"hu_HU\" \/>\n<meta property=\"og:type\" content=\"article\" \/>\n<meta property=\"og:title\" content=\"Jogi nyilatkozat - Myth.age\" \/>\n<meta property=\"og:description\" content=\"Jogi nyilatkozat \u2013 \u00c1ltal\u00e1nos felhaszn\u00e1l\u00e1si felt\u00e9telek \u2013 Adatv\u00e9delmi szab\u00e1lyzat. A MYTHAGE-zsal folytatott kommunik\u00e1ci\u00f3 ak\u00e1r az e-mail-c\u00edmeden, ak\u00e1r a jelen webhelyen tal\u00e1lhat\u00f3 \u0171rlapokon, ak\u00e1r az e-mailedre mutat\u00f3 linken kereszt\u00fcl t\u00f6rt\u00e9nik, kifejezett hozz\u00e1j\u00e1rul\u00e1sodnak min\u0151s\u00fcl ahhoz, hogy szem\u00e9lyes adataidat a TAU CER\u00c1MICA \u00e1llom\u00e1nyaiban t\u00e1rolj\u00e1k, amelynek c\u00edme: Myth-Age \/ Sz\u00e9khely Carrer del Toll 18, 12200 Onda, Castell\u00f3n, Spanyolorsz\u00e1g Ezeket [&hellip;]\" \/>\n<meta property=\"og:url\" content=\"https:\/\/myth-age.com\/hu\/jogi-nyilatkozat\/\" \/>\n<meta property=\"og:site_name\" content=\"Myth.age\" \/>\n<meta property=\"article:modified_time\" content=\"2023-10-11T09:38:52+00:00\" \/>\n<meta property=\"og:image\" content=\"https:\/\/myth-age.com\/wp-content\/uploads\/2023\/05\/leave.png\" \/>\n\t<meta property=\"og:image:width\" content=\"282\" \/>\n\t<meta property=\"og:image:height\" content=\"282\" \/>\n\t<meta property=\"og:image:type\" content=\"image\/png\" \/>\n<meta name=\"twitter:card\" content=\"summary_large_image\" \/>\n<meta name=\"twitter:label1\" content=\"Becs\u00fclt olvas\u00e1si id\u0151\" \/>\n\t<meta name=\"twitter:data1\" content=\"1 perc\" \/>\n<script type=\"application\/ld+json\" class=\"yoast-schema-graph\">{\"@context\":\"https:\/\/schema.org\",\"@graph\":[{\"@type\":\"WebPage\",\"@id\":\"https:\/\/myth-age.com\/hu\/jogi-nyilatkozat\/\",\"url\":\"https:\/\/myth-age.com\/hu\/jogi-nyilatkozat\/\",\"name\":\"Jogi nyilatkozat - Myth.age\",\"isPartOf\":{\"@id\":\"https:\/\/myth-age.com\/#website\"},\"primaryImageOfPage\":{\"@id\":\"https:\/\/myth-age.com\/hu\/jogi-nyilatkozat\/#primaryimage\"},\"image\":{\"@id\":\"https:\/\/myth-age.com\/hu\/jogi-nyilatkozat\/#primaryimage\"},\"thumbnailUrl\":\"https:\/\/myth-age.com\/wp-content\/uploads\/2023\/05\/leave.png\",\"datePublished\":\"2023-04-27T11:47:30+00:00\",\"dateModified\":\"2023-10-11T09:38:52+00:00\",\"breadcrumb\":{\"@id\":\"https:\/\/myth-age.com\/hu\/jogi-nyilatkozat\/#breadcrumb\"},\"inLanguage\":\"hu\",\"potentialAction\":[{\"@type\":\"ReadAction\",\"target\":[\"https:\/\/myth-age.com\/hu\/jogi-nyilatkozat\/\"]}]},{\"@type\":\"ImageObject\",\"inLanguage\":\"hu\",\"@id\":\"https:\/\/myth-age.com\/hu\/jogi-nyilatkozat\/#primaryimage\",\"url\":\"https:\/\/myth-age.com\/wp-content\/uploads\/2023\/05\/leave.png\",\"contentUrl\":\"https:\/\/myth-age.com\/wp-content\/uploads\/2023\/05\/leave.png\",\"width\":282,\"height\":282},{\"@type\":\"BreadcrumbList\",\"@id\":\"https:\/\/myth-age.com\/hu\/jogi-nyilatkozat\/#breadcrumb\",\"itemListElement\":[{\"@type\":\"ListItem\",\"position\":1,\"name\":\"Portada\",\"item\":\"https:\/\/myth-age.com\/hu\/\"},{\"@type\":\"ListItem\",\"position\":2,\"name\":\"Jogi nyilatkozat\"}]},{\"@type\":\"WebSite\",\"@id\":\"https:\/\/myth-age.com\/#website\",\"url\":\"https:\/\/myth-age.com\/\",\"name\":\"Myth.age\",\"description\":\"Del exterior hacia el interior.\",\"publisher\":{\"@id\":\"https:\/\/myth-age.com\/#organization\"},\"potentialAction\":[{\"@type\":\"SearchAction\",\"target\":{\"@type\":\"EntryPoint\",\"urlTemplate\":\"https:\/\/myth-age.com\/?s={search_term_string}\"},\"query-input\":{\"@type\":\"PropertyValueSpecification\",\"valueRequired\":true,\"valueName\":\"search_term_string\"}}],\"inLanguage\":\"hu\"},{\"@type\":\"Organization\",\"@id\":\"https:\/\/myth-age.com\/#organization\",\"name\":\"Myth.age\",\"url\":\"https:\/\/myth-age.com\/\",\"logo\":{\"@type\":\"ImageObject\",\"inLanguage\":\"hu\",\"@id\":\"https:\/\/myth-age.com\/#\/schema\/logo\/image\/\",\"url\":\"https:\/\/myth-age.com\/wp-content\/uploads\/2023\/05\/MYTHAGE-Negro-1.svg\",\"contentUrl\":\"https:\/\/myth-age.com\/wp-content\/uploads\/2023\/05\/MYTHAGE-Negro-1.svg\",\"width\":1,\"height\":1,\"caption\":\"Myth.age\"},\"image\":{\"@id\":\"https:\/\/myth-age.com\/#\/schema\/logo\/image\/\"}}]}<\/script>\n<!-- \/ Yoast SEO plugin. -->","yoast_head_json":{"title":"Jogi nyilatkozat - Myth.age","robots":{"index":"index","follow":"follow","max-snippet":"max-snippet:-1","max-image-preview":"max-image-preview:large","max-video-preview":"max-video-preview:-1"},"canonical":"https:\/\/myth-age.com\/hu\/jogi-nyilatkozat\/","og_locale":"hu_HU","og_type":"article","og_title":"Jogi nyilatkozat - Myth.age","og_description":"Jogi nyilatkozat \u2013 \u00c1ltal\u00e1nos felhaszn\u00e1l\u00e1si felt\u00e9telek \u2013 Adatv\u00e9delmi szab\u00e1lyzat. A MYTHAGE-zsal folytatott kommunik\u00e1ci\u00f3 ak\u00e1r az e-mail-c\u00edmeden, ak\u00e1r a jelen webhelyen tal\u00e1lhat\u00f3 \u0171rlapokon, ak\u00e1r az e-mailedre mutat\u00f3 linken kereszt\u00fcl t\u00f6rt\u00e9nik, kifejezett hozz\u00e1j\u00e1rul\u00e1sodnak min\u0151s\u00fcl ahhoz, hogy szem\u00e9lyes adataidat a TAU CER\u00c1MICA \u00e1llom\u00e1nyaiban t\u00e1rolj\u00e1k, amelynek c\u00edme: Myth-Age \/ Sz\u00e9khely Carrer del Toll 18, 12200 Onda, Castell\u00f3n, Spanyolorsz\u00e1g Ezeket [&hellip;]","og_url":"https:\/\/myth-age.com\/hu\/jogi-nyilatkozat\/","og_site_name":"Myth.age","article_modified_time":"2023-10-11T09:38:52+00:00","og_image":[{"width":282,"height":282,"url":"https:\/\/myth-age.com\/wp-content\/uploads\/2023\/05\/leave.png","type":"image\/png"}],"twitter_card":"summary_large_image","twitter_misc":{"Becs\u00fclt olvas\u00e1si id\u0151":"1 perc"},"schema":{"@context":"https:\/\/schema.org","@graph":[{"@type":"WebPage","@id":"https:\/\/myth-age.com\/hu\/jogi-nyilatkozat\/","url":"https:\/\/myth-age.com\/hu\/jogi-nyilatkozat\/","name":"Jogi nyilatkozat - Myth.age","isPartOf":{"@id":"https:\/\/myth-age.com\/#website"},"primaryImageOfPage":{"@id":"https:\/\/myth-age.com\/hu\/jogi-nyilatkozat\/#primaryimage"},"image":{"@id":"https:\/\/myth-age.com\/hu\/jogi-nyilatkozat\/#primaryimage"},"thumbnailUrl":"https:\/\/myth-age.com\/wp-content\/uploads\/2023\/05\/leave.png","datePublished":"2023-04-27T11:47:30+00:00","dateModified":"2023-10-11T09:38:52+00:00","breadcrumb":{"@id":"https:\/\/myth-age.com\/hu\/jogi-nyilatkozat\/#breadcrumb"},"inLanguage":"hu","potentialAction":[{"@type":"ReadAction","target":["https:\/\/myth-age.com\/hu\/jogi-nyilatkozat\/"]}]},{"@type":"ImageObject","inLanguage":"hu","@id":"https:\/\/myth-age.com\/hu\/jogi-nyilatkozat\/#primaryimage","url":"https:\/\/myth-age.com\/wp-content\/uploads\/2023\/05\/leave.png","contentUrl":"https:\/\/myth-age.com\/wp-content\/uploads\/2023\/05\/leave.png","width":282,"height":282},{"@type":"BreadcrumbList","@id":"https:\/\/myth-age.com\/hu\/jogi-nyilatkozat\/#breadcrumb","itemListElement":[{"@type":"ListItem","position":1,"name":"Portada","item":"https:\/\/myth-age.com\/hu\/"},{"@type":"ListItem","position":2,"name":"Jogi nyilatkozat"}]},{"@type":"WebSite","@id":"https:\/\/myth-age.com\/#website","url":"https:\/\/myth-age.com\/","name":"Myth.age","description":"Del exterior hacia el interior.","publisher":{"@id":"https:\/\/myth-age.com\/#organization"},"potentialAction":[{"@type":"SearchAction","target":{"@type":"EntryPoint","urlTemplate":"https:\/\/myth-age.com\/?s={search_term_string}"},"query-input":{"@type":"PropertyValueSpecification","valueRequired":true,"valueName":"search_term_string"}}],"inLanguage":"hu"},{"@type":"Organization","@id":"https:\/\/myth-age.com\/#organization","name":"Myth.age","url":"https:\/\/myth-age.com\/","logo":{"@type":"ImageObject","inLanguage":"hu","@id":"https:\/\/myth-age.com\/#\/schema\/logo\/image\/","url":"https:\/\/myth-age.com\/wp-content\/uploads\/2023\/05\/MYTHAGE-Negro-1.svg","contentUrl":"https:\/\/myth-age.com\/wp-content\/uploads\/2023\/05\/MYTHAGE-Negro-1.svg","width":1,"height":1,"caption":"Myth.age"},"image":{"@id":"https:\/\/myth-age.com\/#\/schema\/logo\/image\/"}}]}},"_links":{"self":[{"href":"https:\/\/myth-age.com\/hu\/wp-json\/wp\/v2\/pages\/7771","targetHints":{"allow":["GET"]}}],"collection":[{"href":"https:\/\/myth-age.com\/hu\/wp-json\/wp\/v2\/pages"}],"about":[{"href":"https:\/\/myth-age.com\/hu\/wp-json\/wp\/v2\/types\/page"}],"author":[{"embeddable":true,"href":"https:\/\/myth-age.com\/hu\/wp-json\/wp\/v2\/users\/1"}],"replies":[{"embeddable":true,"href":"https:\/\/myth-age.com\/hu\/wp-json\/wp\/v2\/comments?post=7771"}],"version-history":[{"count":2,"href":"https:\/\/myth-age.com\/hu\/wp-json\/wp\/v2\/pages\/7771\/revisions"}],"predecessor-version":[{"id":7786,"href":"https:\/\/myth-age.com\/hu\/wp-json\/wp\/v2\/pages\/7771\/revisions\/7786"}],"wp:featuredmedia":[{"embeddable":true,"href":"https:\/\/myth-age.com\/hu\/wp-json\/wp\/v2\/media\/4728"}],"wp:attachment":[{"href":"https:\/\/myth-age.com\/hu\/wp-json\/wp\/v2\/media?parent=7771"}],"curies":[{"name":"wp","href":"https:\/\/api.w.org\/{rel}","templated":true}]}}