{"id":7775,"date":"2023-05-23T06:44:53","date_gmt":"2023-05-23T06:44:53","guid":{"rendered":"https:\/\/myth-age.com\/cookie-kra-vonatkozo-szabalyzat\/"},"modified":"2023-10-11T09:53:38","modified_gmt":"2023-10-11T09:53:38","slug":"cookie-kra-vonatkozo-szabalyzat","status":"publish","type":"page","link":"https:\/\/myth-age.com\/hu\/cookie-kra-vonatkozo-szabalyzat\/","title":{"rendered":"Cookie-kra vonatkoz\u00f3 szab\u00e1lyzat"},"content":{"rendered":"\n<h4 class=\"wp-block-heading\">A WEBOLDAL TULAJDONOS\u00c1NAK BEAZONOS\u00cdT\u00c1SA<\/h4>\n\n\n\n<p>MYTH-AGE<br>Castell\u00f3n \u2013 Spanyolorsz\u00e1g<br>V\u00e1llalati weboldal \u2013 <a href=\"http:\/\/www.myth-age.com\" target=\"_blank\" rel=\"noreferrer noopener\">www.myth-age.com  <\/a><\/p>\n\n\n\n<h5 class=\"wp-block-heading\">T\u00c1J\u00c9KOZTAT\u00c1S \u00c9S MEGHAT\u00c1ROZ\u00c1SOK<\/h5>\n\n\n\n<p>A cookie-k olyan kis f\u00e1jlok, amelyeket weboldalak, online \u00e1ruh\u00e1zak, intraneth\u00e1l\u00f3zatok, online platformok vagy hasonl\u00f3k az \u0151ket felkeres\u0151 felhaszn\u00e1l\u00f3 b\u00f6ng\u00e9sz\u0151j\u00e9ben t\u00e1rolnak, \u00e9s amelyekre az\u00e9rt van sz\u00fcks\u00e9g, mert webb\u00f6ng\u00e9sz\u00e9s sor\u00e1n sz\u00e1mos el\u0151nyt biztos\u00edtanak interakt\u00edv szolg\u00e1ltat\u00e1sok ny\u00fajt\u00e1s\u00e1val.<\/p>\n\n\n\n<h5 class=\"wp-block-heading\">Az al\u00e1bbiakban a cookie-k lehets\u00e9ges t\u00edpusaira vonatkoz\u00f3 inform\u00e1ci\u00f3k seg\u00edtenek meg\u00e9rteni az \u00e1ltaluk lehet\u0151v\u00e9 tett funkci\u00f3kat:<\/h5>\n\n\n\n<p><strong>Munkamenet-cookie-k:<\/strong>&nbsp;Olyan ideiglenes cookie-k, amik a b\u00f6ng\u00e9sz\u0151 bez\u00e1r\u00e1s\u00e1ig maradnak a sz\u00e1m\u00edt\u00f3g\u00e9p cookiejai k\u00f6z\u00f6tt, \u00e9s egyik\u00fck sem r\u00f6gz\u00fcl a felhaszn\u00e1l\u00f3 lemez\u00e9n. Az ilyen cookie-kon kereszt\u00fcl szerzett inform\u00e1ci\u00f3k az \u00fczemeltet\u00e9st teszik lehet\u0151v\u00e9 minden olyan felhaszn\u00e1l\u00f3 sz\u00e1m\u00e1ra, aki egyidej\u0171leg a weboldalon tart\u00f3zkodik.<\/p>\n\n\n\n<p><strong>\u00c1lland\u00f3 cookie-k: <\/strong>Ezek a cookie-k a b\u00f6ng\u00e9sz\u0151 bez\u00e1r\u00e1sa ut\u00e1n is a sz\u00e1m\u00edt\u00f3g\u00e9ped cookiejai k\u00f6z\u00f6tt maradnak, hogy amikor legk\u00f6zelebb felkeresed az adott weboldalt, megk\u00f6nny\u00edts\u00e9k a b\u00f6ng\u00e9sz\u00e9sedet, \u2013 \u00e9s a szolg\u00e1ltat\u00e1st k\u00f6zvetlen\u00fcl \u00e9rhesd el, an\u00e9lk\u00fcl, hogy be kellene jelentkezned \u2013 vagy valamilyen kereskedelmi szolg\u00e1ltat\u00e1s ny\u00fajt\u00e1s\u00e1t, a kor\u00e1bbi l\u00e1togat\u00e1sokhoz kapcsol\u00f3d\u00f3 term\u00e9kek vagy szolg\u00e1ltat\u00e1sok felaj\u00e1nl\u00e1s\u00e1val.<\/p>\n\n\n\n<h5 class=\"wp-block-heading\">Egy weboldal el\u00e9r\u00e9se sor\u00e1n a cookie-k a k\u00f6vetkez\u0151k lehetnek:<\/h5>\n\n\n\n<p><strong>Bels\u0151 cookie-k:<\/strong> Ezeket a megl\u00e1togatott webhely gener\u00e1lja.<\/p>\n\n\n\n<p><strong>Harmadik f\u00e9lt\u0151l sz\u00e1rmaz\u00f3 cookie-k: <\/strong>Ezeket a webhelyen val\u00f3 b\u00f6ng\u00e9sz\u00e9s sor\u00e1n a webhelyen t\u00e1rolt harmadik szolg\u00e1ltat\u00e1s hozza l\u00e9tre. Erre lehet p\u00e9lda a felkeresett weboldalon tal\u00e1lhat\u00f3 hirdet\u00e9s vagy rekl\u00e1mbanner \u00e1ltal haszn\u00e1lt cookie vagy a felkeresett webhely \u00e1ltal b\u00e9relt l\u00e1togat\u00f3sz\u00e1ml\u00e1l\u00f3 \u00e1ltal haszn\u00e1lt cookie.<\/p>\n\n\n\n<h5 class=\"wp-block-heading\">A cookie-kat a k\u00f6vetkez\u0151 c\u00e9lokra lehet felhaszn\u00e1lni:<\/h5>\n\n\n\n<p><strong>M\u0171szaki c\u00e9lok:&nbsp;<\/strong>\u201eSzigor\u00faan sz\u00fcks\u00e9gesnek\u201d is nevezik \u0151ket. Lehet\u0151v\u00e9 teszik, hogy a felhaszn\u00e1l\u00f3 egy weboldalon, platformon vagy alkalmaz\u00e1sban navig\u00e1ljon, \u00e9s haszn\u00e1lja annak k\u00fcl\u00f6nb\u00f6z\u0151 lehet\u0151s\u00e9geit, szolg\u00e1ltat\u00e1sait, \u00edgy a forgalom \u00e9s az adatkommunik\u00e1ci\u00f3 vez\u00e9rl\u00e9s\u00e9t, a munkamenet beazonos\u00edt\u00e1s\u00e1t, a korl\u00e1tozott hozz\u00e1f\u00e9r\u00e9ssel rendelkez\u0151 r\u00e9szek el\u00e9r\u00e9s\u00e9t, egy rendel\u00e9s elemeinek megjegyz\u00e9s\u00e9t, egy megrendel\u00e9s v\u00e1s\u00e1rl\u00e1si folyamat\u00e1nak v\u00e9grehajt\u00e1s\u00e1t, egy rendezv\u00e9nyre t\u00f6rt\u00e9n\u0151 regisztr\u00e1ci\u00f3t, biztons\u00e1gi elemek haszn\u00e1lat\u00e1t b\u00f6ng\u00e9sz\u00e9s k\u00f6zben, tartalmak t\u00e1rol\u00e1s\u00e1t k\u00e9p vagy hang k\u00f6zvet\u00edt\u00e9s\u00e9hez, valamint tartalmak megoszt\u00e1s\u00e1t k\u00f6z\u00f6ss\u00e9gim\u00e9dia-csatorn\u00e1kon kereszt\u00fcl.<\/p>\n\n\n\n<p><strong>Szem\u00e9lyre szab\u00e1s:<\/strong>&nbsp;Lehet\u0151v\u00e9 teszik, hogy minden egyes felhaszn\u00e1l\u00f3 be\u00e1ll\u00edtson olyan szempontokat, mint a weboldal megtekint\u00e9s\u00e9hez haszn\u00e1lni k\u00edv\u00e1nt nyelv, megjelen\u00edt\u00e9si form\u00e1tumok stb.<\/p>\n\n\n\n<p><strong>Analitikai vagy teljes\u00edtm\u00e9ny-cookie-k: <\/strong>Lehet\u0151v\u00e9 teszik a l\u00e1togat\u00e1sok sz\u00e1m\u00e1nak \u00e9s a navig\u00e1ci\u00f3s krit\u00e9riumoknak a m\u00e9r\u00e9s\u00e9t a webhely, az alkalmaz\u00e1s vagy a platform k\u00fcl\u00f6nb\u00f6z\u0151 ter\u00fcleteire lebontva, valamint navig\u00e1ci\u00f3s profilok l\u00e9trehoz\u00e1s\u00e1t a webhelyek, alkalmaz\u00e1sok \u00e9s platformok felhaszn\u00e1l\u00f3ihoz a szolg\u00e1ltat\u00e1st ig\u00e9nybe vev\u0151kt\u0151l gy\u0171jt\u00f6tt haszn\u00e1lati adatok elemz\u00e9se alapj\u00e1n t\u00f6rt\u00e9n\u0151 fejleszt\u00e9sek \u00e9rdek\u00e9ben. Rekl\u00e1m-cookie-k: a weboldalakon k\u00edn\u00e1lt rekl\u00e1mok hat\u00e9konys\u00e1gi param\u00e9tereinek megval\u00f3s\u00edt\u00e1s\u00e1t teszik lehet\u0151v\u00e9. Viselked\u00e9salap\u00fa rekl\u00e1moz\u00e1s: A felhaszn\u00e1l\u00f3k b\u00f6ng\u00e9sz\u00e9si szok\u00e1sainak folyamatos megfigyel\u00e9s\u00e9vel szerzett, a viselked\u00e9s\u00fckre vonatkoz\u00f3 inform\u00e1ci\u00f3k alapj\u00e1n a weboldalakon k\u00edn\u00e1lt rekl\u00e1mokban hat\u00e9konys\u00e1gi param\u00e9terek megval\u00f3s\u00edt\u00e1s\u00e1t teszik lehet\u0151v\u00e9, amik alapj\u00e1n egy-egy meghat\u00e1rozott profil kialak\u00edt\u00e1s\u00e1ra \u00e9s a rekl\u00e1mok ennek alapj\u00e1n t\u00f6rt\u00e9n\u0151 megjelen\u00edt\u00e9s\u00e9re ny\u00edlik lehet\u0151s\u00e9g.<\/p>\n\n\n\n<h5 class=\"wp-block-heading\">HOGYAN KEZELHETJ\u00dcK A COOKIE-KAT A B\u00d6NG\u00c9SZ\u0150BEN?<\/h5>\n\n\n\n<p>Vannak emberek, akik nem szeretn\u00e9k enged\u00e9lyezni a cookie-kat. Ez\u00e9rt a legt\u00f6bb b\u00f6ng\u00e9sz\u0151 lehet\u0151v\u00e9 teszi sz\u00e1modra, hogy a sz\u00e1modra megfelel\u0151 m\u00f3don kezeld a cookie-kat.<\/p>\n\n\n\n<p>Egyes b\u00f6ng\u00e9sz\u0151kben szab\u00e1lyokat \u00e1ll\u00edthatsz be a cookie-k webhelyenk\u00e9nti kezel\u00e9s\u00e9re, hogy ez\u00e1ltal pontosabban szab\u00e1lyozhasd adataid felhaszn\u00e1l\u00e1s\u00e1t. Ez azt jelenti, hogy letilthatod a cookie-kat minden webhelyr\u0151l, kiv\u00e9ve azokr\u00f3l, amelyekben megb\u00edzol, s\u0151t t\u00f6r\u00f6lheted is a m\u00e1r t\u00e1rolt cookie-kat.<\/p>\n\n\n\n<p>A k\u00f6vetkez\u0151kben megmutatjuk, hogyan v\u00e9gezheted el ezeket a be\u00e1ll\u00edt\u00e1sokat a k\u00fcl\u00f6nb\u00f6z\u0151 b\u00f6ng\u00e9sz\u0151kben:<br>A Google Chrome b\u00f6ng\u00e9sz\u0151vel kapcsolatos tov\u00e1bbi inform\u00e1ci\u00f3k\u00e9rt&nbsp;<a href=\"https:\/\/support.google.com\/chrome\/answer\/95647?hl=hu\" target=\"_blank\" rel=\"noreferrer noopener\">kattints ide<\/a><br>A Firefox b\u00f6ng\u00e9sz\u0151vel kapcsolatos tov\u00e1bbi inform\u00e1ci\u00f3k\u00e9rt&nbsp;<a href=\"https:\/\/support.mozilla.org\/hu\/kb\/weboldalak-szerint-sutik-blokkolva-vannak-feloldas\" target=\"_blank\" rel=\"noreferrer noopener\">kattints ide<\/a><br>Az Opera b\u00f6ng\u00e9sz\u0151vel kapcsolatos tov\u00e1bbi inform\u00e1ci\u00f3k\u00e9rt <a href=\"https:\/\/help.opera.com\/en\/latest\/web-preferences\/#cookies\" target=\"_blank\" rel=\"noreferrer noopener\">kattints ide<\/a><br>Az Internet Explorer b\u00f6ng\u00e9sz\u0151vel kapcsolatos tov\u00e1bbi inform\u00e1ci\u00f3k\u00e9rt <a href=\"http:\/\/windows.microsoft.com\/es-es\/windows7\/how-to-manage-cookies-in-internet-explorer-9\" target=\"_blank\" rel=\"noreferrer noopener\">kattints ide<\/a><br>A Safari b\u00f6ng\u00e9sz\u0151vel kapcsolatos tov\u00e1bbi inform\u00e1ci\u00f3k\u00e9rt <a href=\"http:\/\/support.apple.com\/kb\/ph5042\" target=\"_blank\" rel=\"noreferrer noopener\">kattints ide<\/a><\/p>\n\n\n\n<p>V\u00e1laszd a Safari men\u00fc &gt; Be\u00e1ll\u00edt\u00e1sok men\u00fcpontj\u00e1t. Az Adatv\u00e9delem r\u00e9szben \u00e9rintsd meg a R\u00e9szletek gombot. V\u00e1laszd ki a cookie-kat t\u00e1rol\u00f3 webhelyet, \u00e9s kattints a T\u00f6rl\u00e9s gombra, vagy kattints az \u00d6sszes t\u00f6rl\u00e9se gombra az \u00f6sszes cookie t\u00f6rl\u00e9s\u00e9hez.<\/p>\n","protected":false},"excerpt":{"rendered":"A WEBOLDAL TULAJDONOS\u00c1NAK BEAZONOS\u00cdT\u00c1SA MYTH-AGECastell\u00f3n \u2013 Spanyolorsz\u00e1gV\u00e1llalati weboldal \u2013 www.myth-age.com T\u00c1J\u00c9KOZTAT\u00c1S \u00c9S MEGHAT\u00c1ROZ\u00c1SOK A cookie-k olyan kis f\u00e1jlok, amelyeket weboldalak, online \u00e1ruh\u00e1zak, intraneth\u00e1l\u00f3zatok, online platformok vagy hasonl\u00f3k az \u0151ket felkeres\u0151 felhaszn\u00e1l\u00f3 b\u00f6ng\u00e9sz\u0151j\u00e9ben t\u00e1rolnak, \u00e9s amelyekre az\u00e9rt van sz\u00fcks\u00e9g, mert webb\u00f6ng\u00e9sz\u00e9s sor\u00e1n sz\u00e1mos el\u0151nyt biztos\u00edtanak interakt\u00edv szolg\u00e1ltat\u00e1sok ny\u00fajt\u00e1s\u00e1val. Az al\u00e1bbiakban a cookie-k lehets\u00e9ges t\u00edpusaira vonatkoz\u00f3 inform\u00e1ci\u00f3k [&hellip;]","protected":false},"author":1,"featured_media":0,"parent":0,"menu_order":0,"comment_status":"closed","ping_status":"closed","template":"","meta":{"_acf_changed":false,"footnotes":""},"class_list":["post-7775","page","type-page","status-publish","hentry"],"acf":[],"yoast_head":"<!-- This site is optimized with the Yoast SEO plugin v27.1.1 - https:\/\/yoast.com\/product\/yoast-seo-wordpress\/ -->\n<title>Cookie-kra vonatkoz\u00f3 szab\u00e1lyzat - Myth.age<\/title>\n<meta name=\"robots\" content=\"index, follow, max-snippet:-1, max-image-preview:large, max-video-preview:-1\" \/>\n<link rel=\"canonical\" href=\"https:\/\/myth-age.com\/hu\/cookie-kra-vonatkozo-szabalyzat\/\" \/>\n<meta property=\"og:locale\" content=\"hu_HU\" \/>\n<meta property=\"og:type\" content=\"article\" \/>\n<meta property=\"og:title\" content=\"Cookie-kra vonatkoz\u00f3 szab\u00e1lyzat - Myth.age\" \/>\n<meta property=\"og:description\" content=\"A WEBOLDAL TULAJDONOS\u00c1NAK BEAZONOS\u00cdT\u00c1SA MYTH-AGECastell\u00f3n \u2013 Spanyolorsz\u00e1gV\u00e1llalati weboldal \u2013 www.myth-age.com T\u00c1J\u00c9KOZTAT\u00c1S \u00c9S MEGHAT\u00c1ROZ\u00c1SOK A cookie-k olyan kis f\u00e1jlok, amelyeket weboldalak, online \u00e1ruh\u00e1zak, intraneth\u00e1l\u00f3zatok, online platformok vagy hasonl\u00f3k az \u0151ket felkeres\u0151 felhaszn\u00e1l\u00f3 b\u00f6ng\u00e9sz\u0151j\u00e9ben t\u00e1rolnak, \u00e9s amelyekre az\u00e9rt van sz\u00fcks\u00e9g, mert webb\u00f6ng\u00e9sz\u00e9s sor\u00e1n sz\u00e1mos el\u0151nyt biztos\u00edtanak interakt\u00edv szolg\u00e1ltat\u00e1sok ny\u00fajt\u00e1s\u00e1val. Az al\u00e1bbiakban a cookie-k lehets\u00e9ges t\u00edpusaira vonatkoz\u00f3 inform\u00e1ci\u00f3k [&hellip;]\" \/>\n<meta property=\"og:url\" content=\"https:\/\/myth-age.com\/hu\/cookie-kra-vonatkozo-szabalyzat\/\" \/>\n<meta property=\"og:site_name\" content=\"Myth.age\" \/>\n<meta property=\"article:modified_time\" content=\"2023-10-11T09:53:38+00:00\" \/>\n<meta name=\"twitter:card\" content=\"summary_large_image\" \/>\n<meta name=\"twitter:label1\" content=\"Becs\u00fclt olvas\u00e1si id\u0151\" \/>\n\t<meta name=\"twitter:data1\" content=\"3 perc\" \/>\n<script type=\"application\/ld+json\" class=\"yoast-schema-graph\">{\"@context\":\"https:\/\/schema.org\",\"@graph\":[{\"@type\":\"WebPage\",\"@id\":\"https:\/\/myth-age.com\/hu\/cookie-kra-vonatkozo-szabalyzat\/\",\"url\":\"https:\/\/myth-age.com\/hu\/cookie-kra-vonatkozo-szabalyzat\/\",\"name\":\"Cookie-kra vonatkoz\u00f3 szab\u00e1lyzat - Myth.age\",\"isPartOf\":{\"@id\":\"https:\/\/myth-age.com\/#website\"},\"datePublished\":\"2023-05-23T06:44:53+00:00\",\"dateModified\":\"2023-10-11T09:53:38+00:00\",\"breadcrumb\":{\"@id\":\"https:\/\/myth-age.com\/hu\/cookie-kra-vonatkozo-szabalyzat\/#breadcrumb\"},\"inLanguage\":\"hu\",\"potentialAction\":[{\"@type\":\"ReadAction\",\"target\":[\"https:\/\/myth-age.com\/hu\/cookie-kra-vonatkozo-szabalyzat\/\"]}]},{\"@type\":\"BreadcrumbList\",\"@id\":\"https:\/\/myth-age.com\/hu\/cookie-kra-vonatkozo-szabalyzat\/#breadcrumb\",\"itemListElement\":[{\"@type\":\"ListItem\",\"position\":1,\"name\":\"Portada\",\"item\":\"https:\/\/myth-age.com\/hu\/\"},{\"@type\":\"ListItem\",\"position\":2,\"name\":\"Cookie-kra vonatkoz\u00f3 szab\u00e1lyzat\"}]},{\"@type\":\"WebSite\",\"@id\":\"https:\/\/myth-age.com\/#website\",\"url\":\"https:\/\/myth-age.com\/\",\"name\":\"Myth.age\",\"description\":\"Del exterior hacia el interior.\",\"publisher\":{\"@id\":\"https:\/\/myth-age.com\/#organization\"},\"potentialAction\":[{\"@type\":\"SearchAction\",\"target\":{\"@type\":\"EntryPoint\",\"urlTemplate\":\"https:\/\/myth-age.com\/?s={search_term_string}\"},\"query-input\":{\"@type\":\"PropertyValueSpecification\",\"valueRequired\":true,\"valueName\":\"search_term_string\"}}],\"inLanguage\":\"hu\"},{\"@type\":\"Organization\",\"@id\":\"https:\/\/myth-age.com\/#organization\",\"name\":\"Myth.age\",\"url\":\"https:\/\/myth-age.com\/\",\"logo\":{\"@type\":\"ImageObject\",\"inLanguage\":\"hu\",\"@id\":\"https:\/\/myth-age.com\/#\/schema\/logo\/image\/\",\"url\":\"https:\/\/myth-age.com\/wp-content\/uploads\/2023\/05\/MYTHAGE-Negro-1.svg\",\"contentUrl\":\"https:\/\/myth-age.com\/wp-content\/uploads\/2023\/05\/MYTHAGE-Negro-1.svg\",\"width\":1,\"height\":1,\"caption\":\"Myth.age\"},\"image\":{\"@id\":\"https:\/\/myth-age.com\/#\/schema\/logo\/image\/\"}}]}<\/script>\n<!-- \/ Yoast SEO plugin. -->","yoast_head_json":{"title":"Cookie-kra vonatkoz\u00f3 szab\u00e1lyzat - Myth.age","robots":{"index":"index","follow":"follow","max-snippet":"max-snippet:-1","max-image-preview":"max-image-preview:large","max-video-preview":"max-video-preview:-1"},"canonical":"https:\/\/myth-age.com\/hu\/cookie-kra-vonatkozo-szabalyzat\/","og_locale":"hu_HU","og_type":"article","og_title":"Cookie-kra vonatkoz\u00f3 szab\u00e1lyzat - Myth.age","og_description":"A WEBOLDAL TULAJDONOS\u00c1NAK BEAZONOS\u00cdT\u00c1SA MYTH-AGECastell\u00f3n \u2013 Spanyolorsz\u00e1gV\u00e1llalati weboldal \u2013 www.myth-age.com T\u00c1J\u00c9KOZTAT\u00c1S \u00c9S MEGHAT\u00c1ROZ\u00c1SOK A cookie-k olyan kis f\u00e1jlok, amelyeket weboldalak, online \u00e1ruh\u00e1zak, intraneth\u00e1l\u00f3zatok, online platformok vagy hasonl\u00f3k az \u0151ket felkeres\u0151 felhaszn\u00e1l\u00f3 b\u00f6ng\u00e9sz\u0151j\u00e9ben t\u00e1rolnak, \u00e9s amelyekre az\u00e9rt van sz\u00fcks\u00e9g, mert webb\u00f6ng\u00e9sz\u00e9s sor\u00e1n sz\u00e1mos el\u0151nyt biztos\u00edtanak interakt\u00edv szolg\u00e1ltat\u00e1sok ny\u00fajt\u00e1s\u00e1val. Az al\u00e1bbiakban a cookie-k lehets\u00e9ges t\u00edpusaira vonatkoz\u00f3 inform\u00e1ci\u00f3k [&hellip;]","og_url":"https:\/\/myth-age.com\/hu\/cookie-kra-vonatkozo-szabalyzat\/","og_site_name":"Myth.age","article_modified_time":"2023-10-11T09:53:38+00:00","twitter_card":"summary_large_image","twitter_misc":{"Becs\u00fclt olvas\u00e1si id\u0151":"3 perc"},"schema":{"@context":"https:\/\/schema.org","@graph":[{"@type":"WebPage","@id":"https:\/\/myth-age.com\/hu\/cookie-kra-vonatkozo-szabalyzat\/","url":"https:\/\/myth-age.com\/hu\/cookie-kra-vonatkozo-szabalyzat\/","name":"Cookie-kra vonatkoz\u00f3 szab\u00e1lyzat - Myth.age","isPartOf":{"@id":"https:\/\/myth-age.com\/#website"},"datePublished":"2023-05-23T06:44:53+00:00","dateModified":"2023-10-11T09:53:38+00:00","breadcrumb":{"@id":"https:\/\/myth-age.com\/hu\/cookie-kra-vonatkozo-szabalyzat\/#breadcrumb"},"inLanguage":"hu","potentialAction":[{"@type":"ReadAction","target":["https:\/\/myth-age.com\/hu\/cookie-kra-vonatkozo-szabalyzat\/"]}]},{"@type":"BreadcrumbList","@id":"https:\/\/myth-age.com\/hu\/cookie-kra-vonatkozo-szabalyzat\/#breadcrumb","itemListElement":[{"@type":"ListItem","position":1,"name":"Portada","item":"https:\/\/myth-age.com\/hu\/"},{"@type":"ListItem","position":2,"name":"Cookie-kra vonatkoz\u00f3 szab\u00e1lyzat"}]},{"@type":"WebSite","@id":"https:\/\/myth-age.com\/#website","url":"https:\/\/myth-age.com\/","name":"Myth.age","description":"Del exterior hacia el interior.","publisher":{"@id":"https:\/\/myth-age.com\/#organization"},"potentialAction":[{"@type":"SearchAction","target":{"@type":"EntryPoint","urlTemplate":"https:\/\/myth-age.com\/?s={search_term_string}"},"query-input":{"@type":"PropertyValueSpecification","valueRequired":true,"valueName":"search_term_string"}}],"inLanguage":"hu"},{"@type":"Organization","@id":"https:\/\/myth-age.com\/#organization","name":"Myth.age","url":"https:\/\/myth-age.com\/","logo":{"@type":"ImageObject","inLanguage":"hu","@id":"https:\/\/myth-age.com\/#\/schema\/logo\/image\/","url":"https:\/\/myth-age.com\/wp-content\/uploads\/2023\/05\/MYTHAGE-Negro-1.svg","contentUrl":"https:\/\/myth-age.com\/wp-content\/uploads\/2023\/05\/MYTHAGE-Negro-1.svg","width":1,"height":1,"caption":"Myth.age"},"image":{"@id":"https:\/\/myth-age.com\/#\/schema\/logo\/image\/"}}]}},"_links":{"self":[{"href":"https:\/\/myth-age.com\/hu\/wp-json\/wp\/v2\/pages\/7775","targetHints":{"allow":["GET"]}}],"collection":[{"href":"https:\/\/myth-age.com\/hu\/wp-json\/wp\/v2\/pages"}],"about":[{"href":"https:\/\/myth-age.com\/hu\/wp-json\/wp\/v2\/types\/page"}],"author":[{"embeddable":true,"href":"https:\/\/myth-age.com\/hu\/wp-json\/wp\/v2\/users\/1"}],"replies":[{"embeddable":true,"href":"https:\/\/myth-age.com\/hu\/wp-json\/wp\/v2\/comments?post=7775"}],"version-history":[{"count":2,"href":"https:\/\/myth-age.com\/hu\/wp-json\/wp\/v2\/pages\/7775\/revisions"}],"predecessor-version":[{"id":7787,"href":"https:\/\/myth-age.com\/hu\/wp-json\/wp\/v2\/pages\/7775\/revisions\/7787"}],"wp:attachment":[{"href":"https:\/\/myth-age.com\/hu\/wp-json\/wp\/v2\/media?parent=7775"}],"curies":[{"name":"wp","href":"https:\/\/api.w.org\/{rel}","templated":true}]}}